{"id":1069,"date":"2025-05-11T10:25:10","date_gmt":"2025-05-11T10:25:10","guid":{"rendered":"https:\/\/new.samev-dz.com\/?page_id=1069"},"modified":"2025-05-11T10:41:05","modified_gmt":"2025-05-11T10:41:05","slug":"inscription-congres-2025","status":"publish","type":"page","link":"https:\/\/new.samev-dz.com\/index.php\/inscription-congres-2025\/","title":{"rendered":"Inscription congres 2025"},"content":{"rendered":"<p><div class=\"fusion-fullwidth fullwidth-box fusion-builder-row-1 fusion-flex-container has-pattern-background has-mask-background nonhundred-percent-fullwidth non-hundred-percent-height-scrolling\" style=\"--awb-border-radius-top-left:0px;--awb-border-radius-top-right:0px;--awb-border-radius-bottom-right:0px;--awb-border-radius-bottom-left:0px;--awb-flex-wrap:wrap;\" ><div class=\"fusion-builder-row fusion-row fusion-flex-align-items-flex-start fusion-flex-content-wrap\" style=\"max-width:1456px;margin-left: calc(-4% \/ 2 );margin-right: calc(-4% \/ 2 );\"><div class=\"fusion-layout-column fusion_builder_column fusion-builder-column-0 fusion_builder_column_1_1 1_1 fusion-flex-column\" style=\"--awb-bg-size:cover;--awb-width-large:100%;--awb-margin-top-large:0px;--awb-spacing-right-large:1.92%;--awb-margin-bottom-large:20px;--awb-spacing-left-large:1.92%;--awb-width-medium:100%;--awb-order-medium:0;--awb-spacing-right-medium:1.92%;--awb-spacing-left-medium:1.92%;--awb-width-small:100%;--awb-order-small:0;--awb-spacing-right-small:1.92%;--awb-spacing-left-small:1.92%;\"><div class=\"fusion-column-wrapper fusion-column-has-shadow fusion-flex-justify-content-flex-start fusion-content-layout-column\"><div class=\"fusion-text fusion-text-1\"><p data-fusion-font=\"true\" data-fusion-google-font=\"Open Sans\" data-fusion-google-variant=\"700\" style=\"font-family: 'Open Sans'; font-weight: 700; color: rgb(0, 0, 0); font-size: 20px;\">Modalit\u00e9s de paiement : <\/p>\n<ul>\n<li><b style=\"color: rgb(0, 0, 0); font-family: 'Open Sans'; font-weight: 700; font-size: 20px;\" data-fusion-font=\"true\" data-fusion-google-font=\"Open Sans\" data-fusion-google-variant=\"700\">inscription au congr\u00e8s :  <span style=\"color: rgb(170, 0, 0);\">2000 da<\/span><\/b><\/li>\n<li><b style=\"color: rgb(0, 0, 0); font-family: 'Open Sans'; font-weight: 700; font-size: 20px;\" data-fusion-font=\"true\" data-fusion-google-font=\"Open Sans\" data-fusion-google-variant=\"700\">cotisation : <span style=\"color: rgb(170, 0, 0);\">2000 da<\/span><\/b><\/li>\n<li><b style=\"color: rgb(0, 0, 0); font-family: 'Open Sans'; font-weight: 700; font-size: 20px;\" data-fusion-font=\"true\" data-fusion-google-font=\"Open Sans\" data-fusion-google-variant=\"700\">masterclass : <span style=\"color: rgb(170, 0, 0);\">5000 da ( adh\u00e9rent 4000 da )<\/span><\/b><\/li>\n<li><b style=\"color: rgb(0, 0, 0); font-family: 'Open Sans'; font-weight: 700; font-size: 20px;\" data-fusion-font=\"true\" data-fusion-google-font=\"Open Sans\" data-fusion-google-variant=\"700\">atelier :  <span style=\"color: rgb(170, 0, 0);\">2000 da<\/span><\/b><\/li>\n<\/ul>\n<\/div><\/div><\/div><\/div><\/div><div class=\"fusion-fullwidth fullwidth-box fusion-builder-row-2 fusion-flex-container has-pattern-background has-mask-background nonhundred-percent-fullwidth non-hundred-percent-height-scrolling\" style=\"--awb-border-radius-top-left:0px;--awb-border-radius-top-right:0px;--awb-border-radius-bottom-right:0px;--awb-border-radius-bottom-left:0px;--awb-flex-wrap:wrap;\" ><div class=\"fusion-builder-row fusion-row fusion-flex-align-items-flex-start fusion-flex-content-wrap\" style=\"max-width:1456px;margin-left: calc(-4% \/ 2 );margin-right: calc(-4% \/ 2 );\"><div class=\"fusion-layout-column fusion_builder_column fusion-builder-column-1 fusion_builder_column_1_1 1_1 fusion-flex-column\" style=\"--awb-bg-size:cover;--awb-width-large:100%;--awb-margin-top-large:0px;--awb-spacing-right-large:1.92%;--awb-margin-bottom-large:20px;--awb-spacing-left-large:1.92%;--awb-width-medium:100%;--awb-order-medium:0;--awb-spacing-right-medium:1.92%;--awb-spacing-left-medium:1.92%;--awb-width-small:100%;--awb-order-small:0;--awb-spacing-right-small:1.92%;--awb-spacing-left-small:1.92%;\"><div class=\"fusion-column-wrapper fusion-column-has-shadow fusion-flex-justify-content-flex-start fusion-content-layout-column\"><div class=\"forminator-ui forminator-custom-form forminator-custom-form-1043 forminator-design--material  forminator_ajax\" data-forminator-render=\"0\" data-form=\"forminator-module-1043\" data-uid=\"69e34a8712bdc\"><br\/><\/div><form\n\t\t\t\tid=\"forminator-module-1043\"\n\t\t\t\tclass=\"forminator-ui forminator-custom-form forminator-custom-form-1043 forminator-design--material  forminator_ajax\"\n\t\t\t\tmethod=\"post\"\n\t\t\t\tdata-forminator-render=\"0\"\n\t\t\t\tdata-form-id=\"1043\"\n\t\t\t\t data-color-option=\"default\" data-design=\"material\" data-grid=\"open\" style=\"display: none;\"\n\t\t\t\tdata-uid=\"69e34a8712bdc\"\n\t\t\t><div role=\"alert\" aria-live=\"polite\" class=\"forminator-response-message forminator-error\" aria-hidden=\"true\"><\/div><div class=\"forminator-row\"><div id=\"name-1\" class=\"forminator-field-name forminator-col forminator-col-6 \"><div class=\"forminator-field\"><label for=\"forminator-field-name-1_69e34a8712bdc\" id=\"forminator-field-name-1_69e34a8712bdc-label\" class=\"forminator-label\">Nom <span class=\"forminator-required\">*<\/span><\/label><input type=\"text\" name=\"name-1\" value=\"\" placeholder=\"\" id=\"forminator-field-name-1_69e34a8712bdc\" class=\"forminator-input forminator-name--field\" aria-required=\"true\" autocomplete=\"name\" \/><\/div><\/div><div id=\"name-2\" class=\"forminator-field-name forminator-col forminator-col-6 \"><div class=\"forminator-field\"><label for=\"forminator-field-name-2_69e34a8712bdc\" id=\"forminator-field-name-2_69e34a8712bdc-label\" class=\"forminator-label\">Pr\u00e9nom <span class=\"forminator-required\">*<\/span><\/label><input type=\"text\" name=\"name-2\" value=\"\" placeholder=\"\" id=\"forminator-field-name-2_69e34a8712bdc\" class=\"forminator-input forminator-name--field\" aria-required=\"true\" autocomplete=\"name\" \/><\/div><\/div><\/div><div class=\"forminator-row\"><div id=\"email-1\" class=\"forminator-field-email forminator-col forminator-col-12 \"><div class=\"forminator-field\"><label for=\"forminator-field-email-1_69e34a8712bdc\" id=\"forminator-field-email-1_69e34a8712bdc-label\" class=\"forminator-label\">Email<\/label><input type=\"email\" name=\"email-1\" value=\"\" placeholder=\"\" id=\"forminator-field-email-1_69e34a8712bdc\" class=\"forminator-input forminator-email--field\" data-required=\"\" aria-required=\"false\" autocomplete=\"email\" \/><\/div><\/div><\/div><div class=\"forminator-row\"><div id=\"phone-1\" class=\"forminator-field-phone forminator-col forminator-col-12 \"><div class=\"forminator-field\"><label for=\"forminator-field-phone-1_69e34a8712bdc\" id=\"forminator-field-phone-1_69e34a8712bdc-label\" class=\"forminator-label\">T\u00e9l\u00e9phone <span class=\"forminator-required\">*<\/span><\/label><input type=\"text\" name=\"phone-1\" value=\"\" placeholder=\"\" id=\"forminator-field-phone-1_69e34a8712bdc\" class=\"forminator-input forminator-field--phone\" data-required=\"1\" aria-required=\"true\" autocomplete=\"off\" \/><\/div><\/div><\/div><div class=\"forminator-row\"><div id=\"address-1\" class=\"forminator-field-address forminator-col forminator-col-12 \"><div class=\"forminator-row\"><div id=\"address-1-street_address\" class=\"forminator-col\"><div class=\"forminator-field\"><label for=\"forminator-field-address-1-street_address_69e34a8712bdc\" id=\"forminator-field-address-1-street_address_69e34a8712bdc-label\" class=\"forminator-label\">Adresse <span class=\"forminator-required\">*<\/span><\/label><input type=\"text\" name=\"address-1-street_address\" placeholder=\"\" id=\"forminator-field-address-1-street_address_69e34a8712bdc\" class=\"forminator-input\" data-required=\"1\" aria-required=\"true\" autocomplete=\"address-line1\" value=\"\" \/><\/div><\/div><\/div><div class=\"forminator-row\" data-multiple=\"false\"><div id=\"address-1-state\" class=\"forminator-col forminator-col-12\"><div class=\"forminator-field\"><label for=\"forminator-field-address-1-state_69e34a8712bdc\" id=\"forminator-field-address-1-state_69e34a8712bdc-label\" class=\"forminator-label\">Ville <span class=\"forminator-required\">*<\/span><\/label><input type=\"text\" name=\"address-1-state\" placeholder=\"\" id=\"forminator-field-address-1-state_69e34a8712bdc\" class=\"forminator-input\" data-required=\"1\" aria-required=\"true\" autocomplete=\"address-level1\" value=\"\" \/><\/div><\/div><\/div><\/div><\/div><div class=\"forminator-row\"><div id=\"text-1\" class=\"forminator-field-text forminator-col forminator-col-6 \"><div class=\"forminator-field\"><label for=\"forminator-field-text-1_69e34a8712bdc\" id=\"forminator-field-text-1_69e34a8712bdc-label\" class=\"forminator-label\">Sp\u00e9cialit\u00e9 <span class=\"forminator-required\">*<\/span><\/label><input type=\"text\" name=\"text-1\" value=\"\" placeholder=\"\" id=\"forminator-field-text-1_69e34a8712bdc\" class=\"forminator-input forminator-name--field\" data-required=\"1\" \/><\/div><\/div><div id=\"text-2\" class=\"forminator-field-text forminator-col forminator-col-6 \"><div class=\"forminator-field\"><label for=\"forminator-field-text-2_69e34a8712bdc\" id=\"forminator-field-text-2_69e34a8712bdc-label\" class=\"forminator-label\">Grade <span class=\"forminator-required\">*<\/span><\/label><input type=\"text\" name=\"text-2\" value=\"\" placeholder=\"\" id=\"forminator-field-text-2_69e34a8712bdc\" class=\"forminator-input forminator-name--field\" data-required=\"1\" \/><\/div><\/div><\/div><div class=\"forminator-row\"><div id=\"checkbox-1\" class=\"forminator-field-checkbox forminator-col forminator-col-12 \"><div role=\"group\" class=\"forminator-field\" aria-labelledby=\"forminator-checkbox-group-forminator-field-checkbox-1-69e34a8712bdc-label\"><span id=\"forminator-checkbox-group-forminator-field-checkbox-1-69e34a8712bdc-label\" class=\"forminator-label\">Inscription au congr\u00e8s ( 2000 da )<\/span><label id=\"forminator-field-checkbox-1-1-69e34a8712bdc-label\" for=\"forminator-field-checkbox-1-1-69e34a8712bdc\" class=\"forminator-checkbox\" title=\"Inscription au congr\u00e8s ( 2000 da )\"><input type=\"checkbox\" name=\"checkbox-1[]\" value=\"one\" id=\"forminator-field-checkbox-1-1-69e34a8712bdc\" aria-labelledby=\"forminator-field-checkbox-1-1-69e34a8712bdc-label\" data-calculation=\"0\"   data-hidden-behavior=\"zero\"\/><span class=\"forminator-checkbox-box\" aria-hidden=\"true\"><\/span><span class=\"forminator-checkbox-label\">Inscription au congr\u00e8s ( 2000 da )<\/span><\/label><\/div><\/div><\/div><div class=\"forminator-row\"><div id=\"checkbox-2\" class=\"forminator-field-checkbox forminator-col forminator-col-12 \"><div role=\"group\" class=\"forminator-field\" aria-labelledby=\"forminator-checkbox-group-forminator-field-checkbox-2-69e34a8712bdc-label\"><span id=\"forminator-checkbox-group-forminator-field-checkbox-2-69e34a8712bdc-label\" class=\"forminator-label\">Ateliers :<\/span><label id=\"forminator-field-checkbox-2-1-69e34a8712bdc-label\" for=\"forminator-field-checkbox-2-1-69e34a8712bdc\" class=\"forminator-checkbox\" title=\"1. Echodoppler des Art\u00e8res temporales\u00a0: \u00a0 \u00a0 \u00a0 N. Benmehidi\u00a0 ( 2000da)\"><input type=\"checkbox\" name=\"checkbox-2[]\" value=\"one\" id=\"forminator-field-checkbox-2-1-69e34a8712bdc\" aria-labelledby=\"forminator-field-checkbox-2-1-69e34a8712bdc-label\" data-calculation=\"0\"   data-hidden-behavior=\"zero\"\/><span class=\"forminator-checkbox-box\" aria-hidden=\"true\"><\/span><span class=\"forminator-checkbox-label\">1. Echodoppler des Art\u00e8res temporales\u00a0: \u00a0 \u00a0 \u00a0 N. Benmehidi\u00a0 ( 2000da)<\/span><\/label><label id=\"forminator-field-checkbox-2-2-69e34a8712bdc-label\" for=\"forminator-field-checkbox-2-2-69e34a8712bdc\" class=\"forminator-checkbox\" title=\"2. Echodoppler des art\u00e8res r\u00e9nales\u00a0: \u00a0 \u00a0 \u00a0 \u00a0S.A. Maamar ( 2000da)\"><input type=\"checkbox\" name=\"checkbox-2[]\" value=\"two\" id=\"forminator-field-checkbox-2-2-69e34a8712bdc\" aria-labelledby=\"forminator-field-checkbox-2-2-69e34a8712bdc-label\" data-calculation=\"0\"   data-hidden-behavior=\"zero\"\/><span class=\"forminator-checkbox-box\" aria-hidden=\"true\"><\/span><span class=\"forminator-checkbox-label\">2. Echodoppler des art\u00e8res r\u00e9nales\u00a0: \u00a0 \u00a0 \u00a0 \u00a0S.A. Maamar ( 2000da)<\/span><\/label><label id=\"forminator-field-checkbox-2-3-69e34a8712bdc-label\" for=\"forminator-field-checkbox-2-3-69e34a8712bdc\" class=\"forminator-checkbox\" title=\"3. Atelier Capillaroscopie.\u00a0 \u00a0 \u00a0 \u00a0 \u00a0 D. Hakem ( 1000da)\"><input type=\"checkbox\" name=\"checkbox-2[]\" value=\"Atelier-Capillaroscopie.-D-Hakem-(-1000da)\" id=\"forminator-field-checkbox-2-3-69e34a8712bdc\" aria-labelledby=\"forminator-field-checkbox-2-3-69e34a8712bdc-label\" data-calculation=\"0\"   data-hidden-behavior=\"zero\"\/><span class=\"forminator-checkbox-box\" aria-hidden=\"true\"><\/span><span class=\"forminator-checkbox-label\">3. Atelier Capillaroscopie.\u00a0 \u00a0 \u00a0 \u00a0 \u00a0 D. Hakem ( 1000da)<\/span><\/label><label id=\"forminator-field-checkbox-2-4-69e34a8712bdc-label\" for=\"forminator-field-checkbox-2-4-69e34a8712bdc\" class=\"forminator-checkbox\" title=\"4. Atelier SAMA : Nouvelles recommandations dans pris en en charge des plaies chroniques\u00a0: k. Sifi, S. Aberkane (gratuit)\"><input type=\"checkbox\" name=\"checkbox-2[]\" value=\"Atelier-SAMA-:-Nouvelles-recommandations-dans-pris-en-en-charge-des-plaies-chroniques-:-k.Sifi,-S.Aberkane-(gratuit)\" id=\"forminator-field-checkbox-2-4-69e34a8712bdc\" aria-labelledby=\"forminator-field-checkbox-2-4-69e34a8712bdc-label\" data-calculation=\"0\"   data-hidden-behavior=\"zero\"\/><span class=\"forminator-checkbox-box\" aria-hidden=\"true\"><\/span><span class=\"forminator-checkbox-label\">4. Atelier SAMA : Nouvelles recommandations dans pris en en charge des plaies chroniques\u00a0: k. Sifi, S. Aberkane (gratuit)<\/span><\/label><label id=\"forminator-field-checkbox-2-5-69e34a8712bdc-label\" for=\"forminator-field-checkbox-2-5-69e34a8712bdc\" class=\"forminator-checkbox\" title=\"5. Atelier Variska\u00a0 m\u00e9dical : LIPOCARE(R)\u00a0:  la th\u00e9rapie \u00e9lastocompressive m\u00e9dicale comme approche dans le traitement du lipoed\u00e8me Rigamonti (gratuit) E. ELINA\"><input type=\"checkbox\" name=\"checkbox-2[]\" value=\"Atelier-Variska-m\u00e9dical-:-LIPOCARE(R)-:-la-th\u00e9rapie-\u00e9lastocompressive-m\u00e9dicale-comme-approche-dans-le-traitement-du-lipoed\u00e8me-Rigamonti-(gratuit)\" id=\"forminator-field-checkbox-2-5-69e34a8712bdc\" aria-labelledby=\"forminator-field-checkbox-2-5-69e34a8712bdc-label\" data-calculation=\"0\"   data-hidden-behavior=\"zero\"\/><span class=\"forminator-checkbox-box\" aria-hidden=\"true\"><\/span><span class=\"forminator-checkbox-label\">5. Atelier Variska\u00a0 m\u00e9dical : LIPOCARE(R)\u00a0:  la th\u00e9rapie \u00e9lastocompressive m\u00e9dicale comme approche dans le traitement du lipoed\u00e8me Rigamonti (gratuit) E. ELINA<\/span><\/label><label id=\"forminator-field-checkbox-2-6-69e34a8712bdc-label\" for=\"forminator-field-checkbox-2-6-69e34a8712bdc\" class=\"forminator-checkbox\" title=\"6. Traitement de la maladie thromboembolique veineuse: \u00a0R. Guermaz\u00a0( 2000da)\"><input type=\"checkbox\" name=\"checkbox-2[]\" value=\"Traitement-de-la-maladie-thromboembolique-veineuse-R.Guermaz-(-2000da)\" id=\"forminator-field-checkbox-2-6-69e34a8712bdc\" aria-labelledby=\"forminator-field-checkbox-2-6-69e34a8712bdc-label\" data-calculation=\"0\"   data-hidden-behavior=\"zero\"\/><span class=\"forminator-checkbox-box\" aria-hidden=\"true\"><\/span><span class=\"forminator-checkbox-label\">6. Traitement de la maladie thromboembolique veineuse: \u00a0R. Guermaz\u00a0( 2000da)<\/span><\/label><\/div><\/div><\/div><div class=\"forminator-row\"><div id=\"radio-1\" class=\"forminator-field-radio forminator-col forminator-col-12 \"><div role=\"radiogroup\" class=\"forminator-field\" aria-labelledby=\"forminator-radiogroup-radio-1-69e34a8712bdc-label\"><span id=\"forminator-radiogroup-radio-1-69e34a8712bdc-label\" class=\"forminator-label\">Master class 5000 da(4000 adh\u00e9rents)<\/span><label id=\"forminator-field-radio-1-label-1\" for=\"forminator-field-radio-1-1-69e34a8712bdc\" class=\"forminator-radio\" title=\"\u00a01. Exploration de l\u2019insuffisance veineuse chronique :\u00a0 De l\u2019\u00e9valuation clinique aux approches th\u00e9rapeutiques modernes\u00a0(Cartographie veineuse, Scl\u00e9roth\u00e9rapie \u00e0 la mousse, Laser endoveineux) A. Hatri, M. Baba Ahmed\"><input type=\"radio\" name=\"radio-1\" value=\"one\" id=\"forminator-field-radio-1-1-69e34a8712bdc\" aria-labelledby=\"forminator-field-radio-1-label-1\" data-calculation=\"0\"   data-hidden-behavior=\"zero\"\/><span class=\"forminator-radio-bullet\" aria-hidden=\"true\"><\/span><span class=\"forminator-radio-label\">\u00a01. Exploration de l\u2019insuffisance veineuse chronique :\u00a0 De l\u2019\u00e9valuation clinique aux approches th\u00e9rapeutiques modernes\u00a0(Cartographie veineuse, Scl\u00e9roth\u00e9rapie \u00e0 la mousse, Laser endoveineux) A. Hatri, M. Baba Ahmed<\/span><\/label><label id=\"forminator-field-radio-1-label-2\" for=\"forminator-field-radio-1-2-69e34a8712bdc\" class=\"forminator-radio\" title=\"2.\u00a0 Echodoppler transcr\u00e2nien. N. Hamamid, N. Benmehidi\"><input type=\"radio\" name=\"radio-1\" value=\"two\" id=\"forminator-field-radio-1-2-69e34a8712bdc\" aria-labelledby=\"forminator-field-radio-1-label-2\" data-calculation=\"0\"   data-hidden-behavior=\"zero\"\/><span class=\"forminator-radio-bullet\" aria-hidden=\"true\"><\/span><span class=\"forminator-radio-label\">2.\u00a0 Echodoppler transcr\u00e2nien. N. Hamamid, N. Benmehidi<\/span><\/label><\/div><\/div><\/div><input type=\"hidden\" name=\"referer_url\" value=\"\" \/><div class=\"forminator-row forminator-row-last\"><div class=\"forminator-col\"><div class=\"forminator-field\"><button class=\"forminator-button forminator-button-submit\"><span>Send Message<\/span><span aria-hidden=\"true\"><\/span><\/button><\/div><\/div><\/div><input type=\"hidden\" id=\"forminator_nonce\" name=\"forminator_nonce\" value=\"80bc966c47\" \/><input type=\"hidden\" name=\"_wp_http_referer\" value=\"\/index.php\/wp-json\/wp\/v2\/pages\/1069\" \/><input type=\"hidden\" name=\"form_id\" value=\"1043\"><input type=\"hidden\" name=\"page_id\" value=\"1069\"><input type=\"hidden\" name=\"form_type\" value=\"default\"><input type=\"hidden\" name=\"current_url\" value=\"https:\/\/new.samev-dz.com\/index.php\/inscription-congres-2025\/\"><input type=\"hidden\" name=\"render_id\" value=\"0\"><input type=\"hidden\" name=\"action\" value=\"forminator_submit_form_custom-forms\"><\/form><\/div><\/div><\/div><\/div><\/p>\n","protected":false},"excerpt":{"rendered":"","protected":false},"author":1,"featured_media":0,"parent":0,"menu_order":0,"comment_status":"closed","ping_status":"closed","template":"","meta":{"_bbp_topic_count":0,"_bbp_reply_count":0,"_bbp_total_topic_count":0,"_bbp_total_reply_count":0,"_bbp_voice_count":0,"_bbp_anonymous_reply_count":0,"_bbp_topic_count_hidden":0,"_bbp_reply_count_hidden":0,"_bbp_forum_subforum_count":0,"footnotes":""},"class_list":["post-1069","page","type-page","status-publish","hentry"],"yoast_head":"<!-- This site is optimized with the Yoast SEO plugin v26.8 - https:\/\/yoast.com\/product\/yoast-seo-wordpress\/ -->\n<title>Inscription congres 2025 - Soci\u00e9t\u00e9 Alg\u00e9rienne de M\u00e9decine Vasculaire<\/title>\n<meta name=\"robots\" content=\"index, follow, max-snippet:-1, max-image-preview:large, max-video-preview:-1\" \/>\n<link rel=\"canonical\" href=\"https:\/\/new.samev-dz.com\/index.php\/inscription-congres-2025\/\" \/>\n<meta property=\"og:locale\" content=\"en_US\" \/>\n<meta property=\"og:type\" content=\"article\" \/>\n<meta property=\"og:title\" content=\"Inscription congres 2025 - Soci\u00e9t\u00e9 Alg\u00e9rienne de M\u00e9decine Vasculaire\" \/>\n<meta property=\"og:url\" content=\"https:\/\/new.samev-dz.com\/index.php\/inscription-congres-2025\/\" \/>\n<meta property=\"og:site_name\" content=\"Soci\u00e9t\u00e9 Alg\u00e9rienne de M\u00e9decine Vasculaire\" \/>\n<meta property=\"article:modified_time\" content=\"2025-05-11T10:41:05+00:00\" \/>\n<meta name=\"twitter:card\" content=\"summary_large_image\" \/>\n<meta name=\"twitter:label1\" content=\"Est. reading time\" \/>\n\t<meta name=\"twitter:data1\" content=\"6 minutes\" \/>\n<script type=\"application\/ld+json\" class=\"yoast-schema-graph\">{\"@context\":\"https:\/\/schema.org\",\"@graph\":[{\"@type\":\"WebPage\",\"@id\":\"https:\/\/new.samev-dz.com\/index.php\/inscription-congres-2025\/\",\"url\":\"https:\/\/new.samev-dz.com\/index.php\/inscription-congres-2025\/\",\"name\":\"Inscription congres 2025 - Soci\u00e9t\u00e9 Alg\u00e9rienne de M\u00e9decine Vasculaire\",\"isPartOf\":{\"@id\":\"https:\/\/new.samev-dz.com\/#website\"},\"datePublished\":\"2025-05-11T10:25:10+00:00\",\"dateModified\":\"2025-05-11T10:41:05+00:00\",\"breadcrumb\":{\"@id\":\"https:\/\/new.samev-dz.com\/index.php\/inscription-congres-2025\/#breadcrumb\"},\"inLanguage\":\"en-US\",\"potentialAction\":[{\"@type\":\"ReadAction\",\"target\":[\"https:\/\/new.samev-dz.com\/index.php\/inscription-congres-2025\/\"]}]},{\"@type\":\"BreadcrumbList\",\"@id\":\"https:\/\/new.samev-dz.com\/index.php\/inscription-congres-2025\/#breadcrumb\",\"itemListElement\":[{\"@type\":\"ListItem\",\"position\":1,\"name\":\"Home\",\"item\":\"https:\/\/new.samev-dz.com\/\"},{\"@type\":\"ListItem\",\"position\":2,\"name\":\"Inscription congres 2025\"}]},{\"@type\":\"WebSite\",\"@id\":\"https:\/\/new.samev-dz.com\/#website\",\"url\":\"https:\/\/new.samev-dz.com\/\",\"name\":\"Soci\u00e9t\u00e9 Alg\u00e9rienne de M\u00e9decine Vasculaire\",\"description\":\"\",\"potentialAction\":[{\"@type\":\"SearchAction\",\"target\":{\"@type\":\"EntryPoint\",\"urlTemplate\":\"https:\/\/new.samev-dz.com\/?s={search_term_string}\"},\"query-input\":{\"@type\":\"PropertyValueSpecification\",\"valueRequired\":true,\"valueName\":\"search_term_string\"}}],\"inLanguage\":\"en-US\"}]}<\/script>\n<!-- \/ Yoast SEO plugin. -->","yoast_head_json":{"title":"Inscription congres 2025 - Soci\u00e9t\u00e9 Alg\u00e9rienne de M\u00e9decine Vasculaire","robots":{"index":"index","follow":"follow","max-snippet":"max-snippet:-1","max-image-preview":"max-image-preview:large","max-video-preview":"max-video-preview:-1"},"canonical":"https:\/\/new.samev-dz.com\/index.php\/inscription-congres-2025\/","og_locale":"en_US","og_type":"article","og_title":"Inscription congres 2025 - Soci\u00e9t\u00e9 Alg\u00e9rienne de M\u00e9decine Vasculaire","og_url":"https:\/\/new.samev-dz.com\/index.php\/inscription-congres-2025\/","og_site_name":"Soci\u00e9t\u00e9 Alg\u00e9rienne de M\u00e9decine Vasculaire","article_modified_time":"2025-05-11T10:41:05+00:00","twitter_card":"summary_large_image","twitter_misc":{"Est. reading time":"6 minutes"},"schema":{"@context":"https:\/\/schema.org","@graph":[{"@type":"WebPage","@id":"https:\/\/new.samev-dz.com\/index.php\/inscription-congres-2025\/","url":"https:\/\/new.samev-dz.com\/index.php\/inscription-congres-2025\/","name":"Inscription congres 2025 - Soci\u00e9t\u00e9 Alg\u00e9rienne de M\u00e9decine Vasculaire","isPartOf":{"@id":"https:\/\/new.samev-dz.com\/#website"},"datePublished":"2025-05-11T10:25:10+00:00","dateModified":"2025-05-11T10:41:05+00:00","breadcrumb":{"@id":"https:\/\/new.samev-dz.com\/index.php\/inscription-congres-2025\/#breadcrumb"},"inLanguage":"en-US","potentialAction":[{"@type":"ReadAction","target":["https:\/\/new.samev-dz.com\/index.php\/inscription-congres-2025\/"]}]},{"@type":"BreadcrumbList","@id":"https:\/\/new.samev-dz.com\/index.php\/inscription-congres-2025\/#breadcrumb","itemListElement":[{"@type":"ListItem","position":1,"name":"Home","item":"https:\/\/new.samev-dz.com\/"},{"@type":"ListItem","position":2,"name":"Inscription congres 2025"}]},{"@type":"WebSite","@id":"https:\/\/new.samev-dz.com\/#website","url":"https:\/\/new.samev-dz.com\/","name":"Soci\u00e9t\u00e9 Alg\u00e9rienne de M\u00e9decine Vasculaire","description":"","potentialAction":[{"@type":"SearchAction","target":{"@type":"EntryPoint","urlTemplate":"https:\/\/new.samev-dz.com\/?s={search_term_string}"},"query-input":{"@type":"PropertyValueSpecification","valueRequired":true,"valueName":"search_term_string"}}],"inLanguage":"en-US"}]}},"_links":{"self":[{"href":"https:\/\/new.samev-dz.com\/index.php\/wp-json\/wp\/v2\/pages\/1069","targetHints":{"allow":["GET"]}}],"collection":[{"href":"https:\/\/new.samev-dz.com\/index.php\/wp-json\/wp\/v2\/pages"}],"about":[{"href":"https:\/\/new.samev-dz.com\/index.php\/wp-json\/wp\/v2\/types\/page"}],"author":[{"embeddable":true,"href":"https:\/\/new.samev-dz.com\/index.php\/wp-json\/wp\/v2\/users\/1"}],"replies":[{"embeddable":true,"href":"https:\/\/new.samev-dz.com\/index.php\/wp-json\/wp\/v2\/comments?post=1069"}],"version-history":[{"count":4,"href":"https:\/\/new.samev-dz.com\/index.php\/wp-json\/wp\/v2\/pages\/1069\/revisions"}],"predecessor-version":[{"id":1073,"href":"https:\/\/new.samev-dz.com\/index.php\/wp-json\/wp\/v2\/pages\/1069\/revisions\/1073"}],"wp:attachment":[{"href":"https:\/\/new.samev-dz.com\/index.php\/wp-json\/wp\/v2\/media?parent=1069"}],"curies":[{"name":"wp","href":"https:\/\/api.w.org\/{rel}","templated":true}]}}