{"id":1142,"date":"2026-02-03T11:25:44","date_gmt":"2026-02-03T11:25:44","guid":{"rendered":"https:\/\/new.samev-dz.com\/?page_id=1142"},"modified":"2026-04-08T11:05:05","modified_gmt":"2026-04-08T11:05:05","slug":"inscription-14c-2026","status":"publish","type":"page","link":"https:\/\/new.samev-dz.com\/index.php\/inscription-14c-2026\/","title":{"rendered":"Inscription 14C 2026"},"content":{"rendered":"<p><div class=\"fusion-fullwidth fullwidth-box fusion-builder-row-1 fusion-flex-container has-pattern-background has-mask-background nonhundred-percent-fullwidth non-hundred-percent-height-scrolling\" style=\"--awb-border-radius-top-left:0px;--awb-border-radius-top-right:0px;--awb-border-radius-bottom-right:0px;--awb-border-radius-bottom-left:0px;--awb-flex-wrap:wrap;\" ><div class=\"fusion-builder-row fusion-row fusion-flex-align-items-flex-start fusion-flex-content-wrap\" style=\"max-width:1456px;margin-left: calc(-4% \/ 2 );margin-right: calc(-4% \/ 2 );\"><div class=\"fusion-layout-column fusion_builder_column fusion-builder-column-0 fusion_builder_column_1_1 1_1 fusion-flex-column\" style=\"--awb-bg-size:cover;--awb-width-large:100%;--awb-margin-top-large:0px;--awb-spacing-right-large:1.92%;--awb-margin-bottom-large:20px;--awb-spacing-left-large:1.92%;--awb-width-medium:100%;--awb-order-medium:0;--awb-spacing-right-medium:1.92%;--awb-spacing-left-medium:1.92%;--awb-width-small:100%;--awb-order-small:0;--awb-spacing-right-small:1.92%;--awb-spacing-left-small:1.92%;\"><div class=\"fusion-column-wrapper fusion-column-has-shadow fusion-flex-justify-content-flex-start fusion-content-layout-column\"><div class=\"fusion-text fusion-text-1\"><p style=\"text-align: center; color: #dd0000;\"><b data-fusion-font=\"true\" style=\"font-size: 23px;\">Inscriptions aux congr\u00e8s  &#8211; MasterClass &amp; Ateliers<\/b><\/p>\n<\/div><\/div><\/div><\/div><\/div><div class=\"fusion-fullwidth fullwidth-box fusion-builder-row-2 fusion-flex-container has-pattern-background has-mask-background nonhundred-percent-fullwidth non-hundred-percent-height-scrolling\" style=\"--awb-border-radius-top-left:0px;--awb-border-radius-top-right:0px;--awb-border-radius-bottom-right:0px;--awb-border-radius-bottom-left:0px;--awb-flex-wrap:wrap;\" ><div class=\"fusion-builder-row fusion-row fusion-flex-align-items-flex-start fusion-flex-content-wrap\" style=\"max-width:1456px;margin-left: calc(-4% \/ 2 );margin-right: calc(-4% \/ 2 );\"><div class=\"fusion-layout-column fusion_builder_column fusion-builder-column-1 fusion_builder_column_1_2 1_2 fusion-flex-column\" style=\"--awb-bg-size:cover;--awb-width-large:50%;--awb-margin-top-large:0px;--awb-spacing-right-large:3.84%;--awb-margin-bottom-large:20px;--awb-spacing-left-large:3.84%;--awb-width-medium:50%;--awb-order-medium:0;--awb-spacing-right-medium:3.84%;--awb-spacing-left-medium:3.84%;--awb-width-small:100%;--awb-order-small:0;--awb-spacing-right-small:1.92%;--awb-spacing-left-small:1.92%;\"><div class=\"fusion-column-wrapper fusion-column-has-shadow fusion-flex-justify-content-flex-start fusion-content-layout-column\"><div class=\"fusion-image-element \" style=\"--awb-caption-title-font-family:var(--h2_typography-font-family);--awb-caption-title-font-weight:var(--h2_typography-font-weight);--awb-caption-title-font-style:var(--h2_typography-font-style);--awb-caption-title-size:var(--h2_typography-font-size);--awb-caption-title-transform:var(--h2_typography-text-transform);--awb-caption-title-line-height:var(--h2_typography-line-height);--awb-caption-title-letter-spacing:var(--h2_typography-letter-spacing);\"><span class=\" fusion-imageframe imageframe-none imageframe-1 hover-type-none\"><img decoding=\"async\" width=\"728\" height=\"1024\" title=\"affiche_samev_2026\" src=\"https:\/\/new.samev-dz.com\/wp-content\/uploads\/2026\/02\/affiche_samev_2026-728x1024.jpg\" alt class=\"img-responsive wp-image-1144\" srcset=\"https:\/\/new.samev-dz.com\/wp-content\/uploads\/2026\/02\/affiche_samev_2026-200x281.jpg 200w, https:\/\/new.samev-dz.com\/wp-content\/uploads\/2026\/02\/affiche_samev_2026-400x562.jpg 400w, https:\/\/new.samev-dz.com\/wp-content\/uploads\/2026\/02\/affiche_samev_2026-600x844.jpg 600w, https:\/\/new.samev-dz.com\/wp-content\/uploads\/2026\/02\/affiche_samev_2026-800x1125.jpg 800w, https:\/\/new.samev-dz.com\/wp-content\/uploads\/2026\/02\/affiche_samev_2026.jpg 1138w\" sizes=\"(max-width: 640px) 100vw, 800px\" \/><\/span><\/div><\/div><\/div><div class=\"fusion-layout-column fusion_builder_column fusion-builder-column-2 fusion_builder_column_1_2 1_2 fusion-flex-column\" style=\"--awb-bg-size:cover;--awb-width-large:50%;--awb-margin-top-large:0px;--awb-spacing-right-large:3.84%;--awb-margin-bottom-large:20px;--awb-spacing-left-large:3.84%;--awb-width-medium:50%;--awb-order-medium:0;--awb-spacing-right-medium:3.84%;--awb-spacing-left-medium:3.84%;--awb-width-small:100%;--awb-order-small:0;--awb-spacing-right-small:1.92%;--awb-spacing-left-small:1.92%;\"><div class=\"fusion-column-wrapper fusion-column-has-shadow fusion-flex-justify-content-flex-start fusion-content-layout-column\"><div class=\"fusion-text fusion-text-2\"><div class=\"forminator-ui forminator-custom-form forminator-custom-form-1141 forminator-design--default  forminator_ajax\" data-forminator-render=\"0\" data-form=\"forminator-module-1141\" data-uid=\"69ff2730d3725\"><br\/><\/div><form\n\t\t\t\tid=\"forminator-module-1141\"\n\t\t\t\tclass=\"forminator-ui forminator-custom-form forminator-custom-form-1141 forminator-design--default  forminator_ajax\"\n\t\t\t\tmethod=\"post\"\n\t\t\t\tdata-forminator-render=\"0\"\n\t\t\t\tdata-form-id=\"1141\"\n\t\t\t\t data-color-option=\"default\" data-design=\"default\" data-grid=\"open\" style=\"display: none;\"\n\t\t\t\tdata-uid=\"69ff2730d3725\"\n\t\t\t><div role=\"alert\" aria-live=\"polite\" class=\"forminator-response-message forminator-error\" aria-hidden=\"true\"><\/div><div class=\"forminator-row\"><div id=\"name-1\" class=\"forminator-field-name forminator-col forminator-col-6 \"><div class=\"forminator-field\"><label for=\"forminator-field-name-1_69ff2730d3725\" id=\"forminator-field-name-1_69ff2730d3725-label\" class=\"forminator-label\">Nom <span class=\"forminator-required\">*<\/span><\/label><input type=\"text\" name=\"name-1\" value=\"\" placeholder=\"\" id=\"forminator-field-name-1_69ff2730d3725\" class=\"forminator-input forminator-name--field\" aria-required=\"true\" autocomplete=\"name\" \/><\/div><\/div><div id=\"name-2\" class=\"forminator-field-name forminator-col forminator-col-6 \"><div class=\"forminator-field\"><label for=\"forminator-field-name-2_69ff2730d3725\" id=\"forminator-field-name-2_69ff2730d3725-label\" class=\"forminator-label\">Pr\u00e9nom <span class=\"forminator-required\">*<\/span><\/label><input type=\"text\" name=\"name-2\" value=\"\" placeholder=\"\" id=\"forminator-field-name-2_69ff2730d3725\" class=\"forminator-input forminator-name--field\" aria-required=\"true\" autocomplete=\"name\" \/><\/div><\/div><\/div><div class=\"forminator-row\"><div id=\"email-1\" class=\"forminator-field-email forminator-col forminator-col-12 \"><div class=\"forminator-field\"><label for=\"forminator-field-email-1_69ff2730d3725\" id=\"forminator-field-email-1_69ff2730d3725-label\" class=\"forminator-label\">Email<\/label><input type=\"email\" name=\"email-1\" value=\"\" placeholder=\"\" id=\"forminator-field-email-1_69ff2730d3725\" class=\"forminator-input forminator-email--field\" data-required=\"\" aria-required=\"false\" autocomplete=\"email\" \/><\/div><\/div><\/div><div class=\"forminator-row\"><div id=\"phone-1\" class=\"forminator-field-phone forminator-col forminator-col-12 \"><div class=\"forminator-field\"><label for=\"forminator-field-phone-1_69ff2730d3725\" id=\"forminator-field-phone-1_69ff2730d3725-label\" class=\"forminator-label\">T\u00e9l\u00e9phone <span class=\"forminator-required\">*<\/span><\/label><input type=\"text\" name=\"phone-1\" value=\"\" placeholder=\"\" id=\"forminator-field-phone-1_69ff2730d3725\" class=\"forminator-input forminator-field--phone\" data-required=\"1\" aria-required=\"true\" autocomplete=\"off\" \/><\/div><\/div><\/div><div class=\"forminator-row\"><div id=\"address-1\" class=\"forminator-field-address forminator-col forminator-col-12 \"><div class=\"forminator-row\"><div id=\"address-1-street_address\" class=\"forminator-col\"><div class=\"forminator-field\"><label for=\"forminator-field-address-1-street_address_69ff2730d3725\" id=\"forminator-field-address-1-street_address_69ff2730d3725-label\" class=\"forminator-label\">Adresse <span class=\"forminator-required\">*<\/span><\/label><input type=\"text\" name=\"address-1-street_address\" placeholder=\"\" id=\"forminator-field-address-1-street_address_69ff2730d3725\" class=\"forminator-input\" data-required=\"1\" aria-required=\"true\" autocomplete=\"address-line1\" value=\"\" \/><\/div><\/div><\/div><div class=\"forminator-row\" data-multiple=\"false\"><div id=\"address-1-state\" class=\"forminator-col forminator-col-12\"><div class=\"forminator-field\"><label for=\"forminator-field-address-1-state_69ff2730d3725\" id=\"forminator-field-address-1-state_69ff2730d3725-label\" class=\"forminator-label\">Ville <span class=\"forminator-required\">*<\/span><\/label><input type=\"text\" name=\"address-1-state\" placeholder=\"\" id=\"forminator-field-address-1-state_69ff2730d3725\" class=\"forminator-input\" data-required=\"1\" aria-required=\"true\" autocomplete=\"address-level1\" value=\"\" \/><\/div><\/div><\/div><\/div><\/div><div class=\"forminator-row\"><div id=\"text-1\" class=\"forminator-field-text forminator-col forminator-col-6 \"><div class=\"forminator-field\"><label for=\"forminator-field-text-1_69ff2730d3725\" id=\"forminator-field-text-1_69ff2730d3725-label\" class=\"forminator-label\">Sp\u00e9cialit\u00e9 <span class=\"forminator-required\">*<\/span><\/label><input type=\"text\" name=\"text-1\" value=\"\" placeholder=\"\" id=\"forminator-field-text-1_69ff2730d3725\" class=\"forminator-input forminator-name--field\" data-required=\"1\" \/><\/div><\/div><div id=\"text-2\" class=\"forminator-field-text forminator-col forminator-col-6 \"><div class=\"forminator-field\"><label for=\"forminator-field-text-2_69ff2730d3725\" id=\"forminator-field-text-2_69ff2730d3725-label\" class=\"forminator-label\">Grade <span class=\"forminator-required\">*<\/span><\/label><input type=\"text\" name=\"text-2\" value=\"\" placeholder=\"\" id=\"forminator-field-text-2_69ff2730d3725\" class=\"forminator-input forminator-name--field\" data-required=\"1\" \/><\/div><\/div><\/div><div class=\"forminator-row\"><div id=\"checkbox-1\" class=\"forminator-field-checkbox forminator-col forminator-col-12  display-none\"><div role=\"group\" class=\"forminator-field\" aria-labelledby=\"forminator-checkbox-group-forminator-field-checkbox-1-69ff2730d3725-label\"><span id=\"forminator-checkbox-group-forminator-field-checkbox-1-69ff2730d3725-label\" class=\"forminator-label\">Master Class<\/span><label id=\"forminator-field-checkbox-1-1-69ff2730d3725-label\" for=\"forminator-field-checkbox-1-1-69ff2730d3725\" class=\"forminator-checkbox\" title=\"Exploration de l\u2019insuffisance veineuse chronique : De l\u2019\u00e9valuation clinique aux approches th\u00e9rapeutiques modernes (Cartographie veineuse, S\u00e9roth\u00e9rapie \u00e0 la mousse, Laser endoveineux) A. Hatri, M. Baba Ahmed\"><input type=\"checkbox\" name=\"checkbox-1[]\" value=\"one\" id=\"forminator-field-checkbox-1-1-69ff2730d3725\" aria-labelledby=\"forminator-field-checkbox-1-1-69ff2730d3725-label\" data-calculation=\"0\"   data-hidden-behavior=\"zero\" aria-describedby=\"forminator-field-checkbox-1-69ff2730d3725-description\"\/><span class=\"forminator-checkbox-box\" aria-hidden=\"true\"><\/span><span class=\"forminator-checkbox-label\">Exploration de l\u2019insuffisance veineuse chronique : De l\u2019\u00e9valuation clinique aux approches th\u00e9rapeutiques modernes (Cartographie veineuse, S\u00e9roth\u00e9rapie \u00e0 la mousse, Laser endoveineux) A. Hatri, M. Baba Ahmed<\/span><\/label><label id=\"forminator-field-checkbox-1-2-69ff2730d3725-label\" for=\"forminator-field-checkbox-1-2-69ff2730d3725\" class=\"forminator-checkbox\" title=\"Les fistules art\u00e9rio-veineuses : Bilan pr\u00e9 FAV, surveillance \u00e9chodoppler, diagnostic et traitement des dysfonctions des FAV) N. Benmehidi , B. Benmehidi\"><input type=\"checkbox\" name=\"checkbox-1[]\" value=\"two\" id=\"forminator-field-checkbox-1-2-69ff2730d3725\" aria-labelledby=\"forminator-field-checkbox-1-2-69ff2730d3725-label\" data-calculation=\"0\"   data-hidden-behavior=\"zero\" aria-describedby=\"forminator-field-checkbox-1-69ff2730d3725-description\"\/><span class=\"forminator-checkbox-box\" aria-hidden=\"true\"><\/span><span class=\"forminator-checkbox-label\">Les fistules art\u00e9rio-veineuses : Bilan pr\u00e9 FAV, surveillance \u00e9chodoppler, diagnostic et traitement des dysfonctions des FAV) N. Benmehidi , B. Benmehidi<\/span><\/label><span id=\"forminator-field-checkbox-1-69ff2730d3725-description\" class=\"forminator-description\">- 5000 DA\/MasterClass (4000 Da \/ Adh\u00e9rent \u00e0 jour de cotisation 2025)  - Places limit\u00e9es : 30\/Atelier - Pr\u00e9inscription obligatoire - L\u2019inscription aux masters class n\u2019ouvre pas droit \u00e0 la participation au congr\u00e8s.<\/span><\/div><\/div><\/div><div class=\"forminator-row\"><div id=\"checkbox-2\" class=\"forminator-field-checkbox forminator-col forminator-col-12 \"><div role=\"group\" class=\"forminator-field\" aria-labelledby=\"forminator-checkbox-group-forminator-field-checkbox-2-69ff2730d3725-label\"><span id=\"forminator-checkbox-group-forminator-field-checkbox-2-69ff2730d3725-label\" class=\"forminator-label\">Ateliers \u00e0 2000 DA\/Atelier<\/span><label id=\"forminator-field-checkbox-2-1-69ff2730d3725-label\" for=\"forminator-field-checkbox-2-1-69ff2730d3725\" class=\"forminator-checkbox\" title=\"Echodoppler des Art\u00e8res temporales : N. Benmehidi\"><input type=\"checkbox\" name=\"checkbox-2[]\" value=\"one\" id=\"forminator-field-checkbox-2-1-69ff2730d3725\" aria-labelledby=\"forminator-field-checkbox-2-1-69ff2730d3725-label\" data-calculation=\"0\"   data-hidden-behavior=\"zero\" aria-describedby=\"forminator-field-checkbox-2-69ff2730d3725-description\"\/><span class=\"forminator-checkbox-box\" aria-hidden=\"true\"><\/span><span class=\"forminator-checkbox-label\">Echodoppler des Art\u00e8res temporales : N. Benmehidi<\/span><\/label><label id=\"forminator-field-checkbox-2-2-69ff2730d3725-label\" for=\"forminator-field-checkbox-2-2-69ff2730d3725\" class=\"forminator-checkbox\" title=\"Echodoppler des art\u00e8res r\u00e9nales : S.A. Maamar\"><input type=\"checkbox\" name=\"checkbox-2[]\" value=\"two\" id=\"forminator-field-checkbox-2-2-69ff2730d3725\" aria-labelledby=\"forminator-field-checkbox-2-2-69ff2730d3725-label\" data-calculation=\"0\"   data-hidden-behavior=\"zero\" aria-describedby=\"forminator-field-checkbox-2-69ff2730d3725-description\"\/><span class=\"forminator-checkbox-box\" aria-hidden=\"true\"><\/span><span class=\"forminator-checkbox-label\">Echodoppler des art\u00e8res r\u00e9nales : S.A. Maamar<\/span><\/label><span id=\"forminator-field-checkbox-2-69ff2730d3725-description\" class=\"forminator-description\">2000 DA\/Atelier<\/span><\/div><\/div><\/div><div class=\"forminator-row\"><div id=\"checkbox-3\" class=\"forminator-field-checkbox forminator-col forminator-col-12 \"><div role=\"group\" class=\"forminator-field\" aria-labelledby=\"forminator-checkbox-group-forminator-field-checkbox-3-69ff2730d3725-label\"><span id=\"forminator-checkbox-group-forminator-field-checkbox-3-69ff2730d3725-label\" class=\"forminator-label\">Ateliers \u00e0 1000DA \/Atelier<\/span><label id=\"forminator-field-checkbox-3-1-69ff2730d3725-label\" for=\"forminator-field-checkbox-3-1-69ff2730d3725\" class=\"forminator-checkbox\" title=\"Atelier Capillaroscopie. D. Hakem\"><input type=\"checkbox\" name=\"checkbox-3[]\" value=\"one\" id=\"forminator-field-checkbox-3-1-69ff2730d3725\" aria-labelledby=\"forminator-field-checkbox-3-1-69ff2730d3725-label\" data-calculation=\"0\"   data-hidden-behavior=\"zero\" aria-describedby=\"forminator-field-checkbox-3-69ff2730d3725-description\"\/><span class=\"forminator-checkbox-box\" aria-hidden=\"true\"><\/span><span class=\"forminator-checkbox-label\">Atelier Capillaroscopie. D. Hakem<\/span><\/label><span id=\"forminator-field-checkbox-3-69ff2730d3725-description\" class=\"forminator-description\">1000DA \/Atelier<\/span><\/div><\/div><\/div><div class=\"forminator-row\"><div id=\"checkbox-4\" class=\"forminator-field-checkbox forminator-col forminator-col-12 \"><div role=\"group\" class=\"forminator-field\" aria-labelledby=\"forminator-checkbox-group-forminator-field-checkbox-4-69ff2730d3725-label\"><span id=\"forminator-checkbox-group-forminator-field-checkbox-4-69ff2730d3725-label\" class=\"forminator-label\">Ateliers gratuits<\/span><label id=\"forminator-field-checkbox-4-1-69ff2730d3725-label\" for=\"forminator-field-checkbox-4-1-69ff2730d3725\" class=\"forminator-checkbox\" title=\"Atelier SAMEV : prise en charge di\u00e9t\u00e9tique du patient ob\u00e8se.  S.Grine\"><input type=\"checkbox\" name=\"checkbox-4[]\" value=\"one\" id=\"forminator-field-checkbox-4-1-69ff2730d3725\" aria-labelledby=\"forminator-field-checkbox-4-1-69ff2730d3725-label\" data-calculation=\"0\"   data-hidden-behavior=\"zero\"\/><span class=\"forminator-checkbox-box\" aria-hidden=\"true\"><\/span><span class=\"forminator-checkbox-label\">Atelier SAMEV : prise en charge di\u00e9t\u00e9tique du patient ob\u00e8se.  S.Grine<\/span><\/label><label id=\"forminator-field-checkbox-4-2-69ff2730d3725-label\" for=\"forminator-field-checkbox-4-2-69ff2730d3725\" class=\"forminator-checkbox\" title=\"Atelier SAMA : Nouvelles recommandations dans la pris en en charge des plaies chroniques. S. Aberkane.   K. Touri\"><input type=\"checkbox\" name=\"checkbox-4[]\" value=\"two\" id=\"forminator-field-checkbox-4-2-69ff2730d3725\" aria-labelledby=\"forminator-field-checkbox-4-2-69ff2730d3725-label\" data-calculation=\"0\"   data-hidden-behavior=\"zero\"\/><span class=\"forminator-checkbox-box\" aria-hidden=\"true\"><\/span><span class=\"forminator-checkbox-label\">Atelier SAMA : Nouvelles recommandations dans la pris en en charge des plaies chroniques. S. Aberkane.   K. Touri<\/span><\/label><label id=\"forminator-field-checkbox-4-3-69ff2730d3725-label\" for=\"forminator-field-checkbox-4-3-69ff2730d3725\" class=\"forminator-checkbox\" title=\"Management de l\u2019HTA chez l\u2019ob\u00e8se : update. A.Mammeri\"><input type=\"checkbox\" name=\"checkbox-4[]\" value=\"Management-de-l\u2019HTA-chez-l\u2019ob\u00e8se-:-update.-A.Mammeri\" id=\"forminator-field-checkbox-4-3-69ff2730d3725\" aria-labelledby=\"forminator-field-checkbox-4-3-69ff2730d3725-label\" data-calculation=\"0\"   data-hidden-behavior=\"zero\"\/><span class=\"forminator-checkbox-box\" aria-hidden=\"true\"><\/span><span class=\"forminator-checkbox-label\">Management de l\u2019HTA chez l\u2019ob\u00e8se : update. A.Mammeri<\/span><\/label><\/div><\/div><\/div><input type=\"hidden\" name=\"referer_url\" value=\"\" \/><div class=\"forminator-row forminator-row-last\"><div class=\"forminator-col\"><div class=\"forminator-field\"><button class=\"forminator-button forminator-button-submit\">Send Message<\/button><\/div><\/div><\/div><input type=\"hidden\" id=\"forminator_nonce\" name=\"forminator_nonce\" value=\"c8167620da\" \/><input type=\"hidden\" name=\"_wp_http_referer\" value=\"\/index.php\/wp-json\/wp\/v2\/pages\/1142\" \/><input type=\"hidden\" name=\"form_id\" value=\"1141\"><input type=\"hidden\" name=\"page_id\" value=\"1142\"><input type=\"hidden\" name=\"form_type\" value=\"default\"><input type=\"hidden\" name=\"current_url\" value=\"https:\/\/new.samev-dz.com\/index.php\/inscription-14c-2026\/\"><input type=\"hidden\" name=\"render_id\" value=\"0\"><input type=\"hidden\" name=\"action\" value=\"forminator_submit_form_custom-forms\"><\/form>\n<\/div><\/div><\/div><\/div><\/div><\/p>\n","protected":false},"excerpt":{"rendered":"","protected":false},"author":8,"featured_media":0,"parent":0,"menu_order":0,"comment_status":"closed","ping_status":"closed","template":"","meta":{"_bbp_topic_count":0,"_bbp_reply_count":0,"_bbp_total_topic_count":0,"_bbp_total_reply_count":0,"_bbp_voice_count":0,"_bbp_anonymous_reply_count":0,"_bbp_topic_count_hidden":0,"_bbp_reply_count_hidden":0,"_bbp_forum_subforum_count":0,"footnotes":""},"class_list":["post-1142","page","type-page","status-publish","hentry"],"yoast_head":"<!-- This site is optimized with the Yoast SEO plugin v26.8 - https:\/\/yoast.com\/product\/yoast-seo-wordpress\/ -->\n<title>Inscription 14C 2026 - Soci\u00e9t\u00e9 Alg\u00e9rienne de M\u00e9decine Vasculaire<\/title>\n<meta name=\"robots\" content=\"index, follow, max-snippet:-1, max-image-preview:large, max-video-preview:-1\" \/>\n<link rel=\"canonical\" href=\"https:\/\/new.samev-dz.com\/index.php\/inscription-14c-2026\/\" \/>\n<meta property=\"og:locale\" content=\"en_US\" \/>\n<meta property=\"og:type\" content=\"article\" \/>\n<meta property=\"og:title\" content=\"Inscription 14C 2026 - Soci\u00e9t\u00e9 Alg\u00e9rienne de M\u00e9decine Vasculaire\" \/>\n<meta property=\"og:url\" content=\"https:\/\/new.samev-dz.com\/index.php\/inscription-14c-2026\/\" \/>\n<meta property=\"og:site_name\" content=\"Soci\u00e9t\u00e9 Alg\u00e9rienne de M\u00e9decine Vasculaire\" \/>\n<meta property=\"article:modified_time\" content=\"2026-04-08T11:05:05+00:00\" \/>\n<meta name=\"twitter:card\" content=\"summary_large_image\" \/>\n<meta name=\"twitter:label1\" content=\"Est. reading time\" \/>\n\t<meta name=\"twitter:data1\" content=\"7 minutes\" \/>\n<script type=\"application\/ld+json\" class=\"yoast-schema-graph\">{\"@context\":\"https:\/\/schema.org\",\"@graph\":[{\"@type\":\"WebPage\",\"@id\":\"https:\/\/new.samev-dz.com\/index.php\/inscription-14c-2026\/\",\"url\":\"https:\/\/new.samev-dz.com\/index.php\/inscription-14c-2026\/\",\"name\":\"Inscription 14C 2026 - Soci\u00e9t\u00e9 Alg\u00e9rienne de M\u00e9decine Vasculaire\",\"isPartOf\":{\"@id\":\"https:\/\/new.samev-dz.com\/#website\"},\"datePublished\":\"2026-02-03T11:25:44+00:00\",\"dateModified\":\"2026-04-08T11:05:05+00:00\",\"breadcrumb\":{\"@id\":\"https:\/\/new.samev-dz.com\/index.php\/inscription-14c-2026\/#breadcrumb\"},\"inLanguage\":\"en-US\",\"potentialAction\":[{\"@type\":\"ReadAction\",\"target\":[\"https:\/\/new.samev-dz.com\/index.php\/inscription-14c-2026\/\"]}]},{\"@type\":\"BreadcrumbList\",\"@id\":\"https:\/\/new.samev-dz.com\/index.php\/inscription-14c-2026\/#breadcrumb\",\"itemListElement\":[{\"@type\":\"ListItem\",\"position\":1,\"name\":\"Home\",\"item\":\"https:\/\/new.samev-dz.com\/\"},{\"@type\":\"ListItem\",\"position\":2,\"name\":\"Inscription 14C 2026\"}]},{\"@type\":\"WebSite\",\"@id\":\"https:\/\/new.samev-dz.com\/#website\",\"url\":\"https:\/\/new.samev-dz.com\/\",\"name\":\"Soci\u00e9t\u00e9 Alg\u00e9rienne de M\u00e9decine Vasculaire\",\"description\":\"\",\"potentialAction\":[{\"@type\":\"SearchAction\",\"target\":{\"@type\":\"EntryPoint\",\"urlTemplate\":\"https:\/\/new.samev-dz.com\/?s={search_term_string}\"},\"query-input\":{\"@type\":\"PropertyValueSpecification\",\"valueRequired\":true,\"valueName\":\"search_term_string\"}}],\"inLanguage\":\"en-US\"}]}<\/script>\n<!-- \/ Yoast SEO plugin. -->","yoast_head_json":{"title":"Inscription 14C 2026 - Soci\u00e9t\u00e9 Alg\u00e9rienne de M\u00e9decine Vasculaire","robots":{"index":"index","follow":"follow","max-snippet":"max-snippet:-1","max-image-preview":"max-image-preview:large","max-video-preview":"max-video-preview:-1"},"canonical":"https:\/\/new.samev-dz.com\/index.php\/inscription-14c-2026\/","og_locale":"en_US","og_type":"article","og_title":"Inscription 14C 2026 - Soci\u00e9t\u00e9 Alg\u00e9rienne de M\u00e9decine Vasculaire","og_url":"https:\/\/new.samev-dz.com\/index.php\/inscription-14c-2026\/","og_site_name":"Soci\u00e9t\u00e9 Alg\u00e9rienne de M\u00e9decine Vasculaire","article_modified_time":"2026-04-08T11:05:05+00:00","twitter_card":"summary_large_image","twitter_misc":{"Est. reading time":"7 minutes"},"schema":{"@context":"https:\/\/schema.org","@graph":[{"@type":"WebPage","@id":"https:\/\/new.samev-dz.com\/index.php\/inscription-14c-2026\/","url":"https:\/\/new.samev-dz.com\/index.php\/inscription-14c-2026\/","name":"Inscription 14C 2026 - Soci\u00e9t\u00e9 Alg\u00e9rienne de M\u00e9decine Vasculaire","isPartOf":{"@id":"https:\/\/new.samev-dz.com\/#website"},"datePublished":"2026-02-03T11:25:44+00:00","dateModified":"2026-04-08T11:05:05+00:00","breadcrumb":{"@id":"https:\/\/new.samev-dz.com\/index.php\/inscription-14c-2026\/#breadcrumb"},"inLanguage":"en-US","potentialAction":[{"@type":"ReadAction","target":["https:\/\/new.samev-dz.com\/index.php\/inscription-14c-2026\/"]}]},{"@type":"BreadcrumbList","@id":"https:\/\/new.samev-dz.com\/index.php\/inscription-14c-2026\/#breadcrumb","itemListElement":[{"@type":"ListItem","position":1,"name":"Home","item":"https:\/\/new.samev-dz.com\/"},{"@type":"ListItem","position":2,"name":"Inscription 14C 2026"}]},{"@type":"WebSite","@id":"https:\/\/new.samev-dz.com\/#website","url":"https:\/\/new.samev-dz.com\/","name":"Soci\u00e9t\u00e9 Alg\u00e9rienne de M\u00e9decine Vasculaire","description":"","potentialAction":[{"@type":"SearchAction","target":{"@type":"EntryPoint","urlTemplate":"https:\/\/new.samev-dz.com\/?s={search_term_string}"},"query-input":{"@type":"PropertyValueSpecification","valueRequired":true,"valueName":"search_term_string"}}],"inLanguage":"en-US"}]}},"_links":{"self":[{"href":"https:\/\/new.samev-dz.com\/index.php\/wp-json\/wp\/v2\/pages\/1142","targetHints":{"allow":["GET"]}}],"collection":[{"href":"https:\/\/new.samev-dz.com\/index.php\/wp-json\/wp\/v2\/pages"}],"about":[{"href":"https:\/\/new.samev-dz.com\/index.php\/wp-json\/wp\/v2\/types\/page"}],"author":[{"embeddable":true,"href":"https:\/\/new.samev-dz.com\/index.php\/wp-json\/wp\/v2\/users\/8"}],"replies":[{"embeddable":true,"href":"https:\/\/new.samev-dz.com\/index.php\/wp-json\/wp\/v2\/comments?post=1142"}],"version-history":[{"count":3,"href":"https:\/\/new.samev-dz.com\/index.php\/wp-json\/wp\/v2\/pages\/1142\/revisions"}],"predecessor-version":[{"id":1161,"href":"https:\/\/new.samev-dz.com\/index.php\/wp-json\/wp\/v2\/pages\/1142\/revisions\/1161"}],"wp:attachment":[{"href":"https:\/\/new.samev-dz.com\/index.php\/wp-json\/wp\/v2\/media?parent=1142"}],"curies":[{"name":"wp","href":"https:\/\/api.w.org\/{rel}","templated":true}]}}