{"id":18,"date":"2023-01-23T11:10:12","date_gmt":"2023-01-23T11:10:12","guid":{"rendered":"https:\/\/new.samev-dz.com\/?page_id=18"},"modified":"2024-03-12T12:48:11","modified_gmt":"2024-03-12T12:48:11","slug":"news","status":"publish","type":"page","link":"https:\/\/new.samev-dz.com\/index.php\/news\/","title":{"rendered":"News"},"content":{"rendered":"<p><div class=\"fusion-fullwidth fullwidth-box fusion-builder-row-1 fusion-flex-container nonhundred-percent-fullwidth non-hundred-percent-height-scrolling\" style=\"--awb-border-radius-top-left:0px;--awb-border-radius-top-right:0px;--awb-border-radius-bottom-right:0px;--awb-border-radius-bottom-left:0px;--awb-flex-wrap:wrap;\" ><div class=\"fusion-builder-row fusion-row fusion-flex-align-items-flex-start fusion-flex-content-wrap\" style=\"max-width:1456px;margin-left: calc(-4% \/ 2 );margin-right: calc(-4% \/ 2 );\"><div class=\"fusion-layout-column fusion_builder_column fusion-builder-column-0 fusion_builder_column_1_1 1_1 fusion-flex-column\" style=\"--awb-bg-size:cover;--awb-width-large:100%;--awb-margin-top-large:0px;--awb-spacing-right-large:1.92%;--awb-margin-bottom-large:20px;--awb-spacing-left-large:1.92%;--awb-width-medium:100%;--awb-order-medium:0;--awb-spacing-right-medium:1.92%;--awb-spacing-left-medium:1.92%;--awb-width-small:100%;--awb-order-small:0;--awb-spacing-right-small:1.92%;--awb-spacing-left-small:1.92%;\"><div class=\"fusion-column-wrapper fusion-column-has-shadow fusion-flex-justify-content-flex-start fusion-content-layout-column\"><div class=\"fusion-title title fusion-title-1 fusion-title-text fusion-title-size-one\"><div class=\"title-sep-container title-sep-container-left fusion-no-large-visibility fusion-no-medium-visibility fusion-no-small-visibility\"><div class=\"title-sep sep-double sep-solid\" style=\"border-color:#e2e2e2;\"><\/div><\/div><span class=\"awb-title-spacer fusion-no-large-visibility fusion-no-medium-visibility fusion-no-small-visibility\"><\/span><h1 class=\"fusion-title-heading title-heading-left\" style=\"margin:0;\">News<\/h1><span class=\"awb-title-spacer\"><\/span><div class=\"title-sep-container title-sep-container-right\"><div class=\"title-sep sep-double sep-solid\" style=\"border-color:#e2e2e2;\"><\/div><\/div><\/div><\/div><\/div><\/div><\/div><div class=\"fusion-fullwidth fullwidth-box fusion-builder-row-2 fusion-flex-container nonhundred-percent-fullwidth non-hundred-percent-height-scrolling\" style=\"--awb-border-radius-top-left:0px;--awb-border-radius-top-right:0px;--awb-border-radius-bottom-right:0px;--awb-border-radius-bottom-left:0px;--awb-flex-wrap:wrap;\" ><div class=\"fusion-builder-row fusion-row fusion-flex-align-items-flex-start fusion-flex-content-wrap\" style=\"max-width:1456px;margin-left: calc(-4% \/ 2 );margin-right: calc(-4% \/ 2 );\"><div class=\"fusion-layout-column fusion_builder_column fusion-builder-column-1 fusion_builder_column_1_1 1_1 fusion-flex-column\" style=\"--awb-bg-size:cover;--awb-width-large:100%;--awb-margin-top-large:0px;--awb-spacing-right-large:1.92%;--awb-margin-bottom-large:20px;--awb-spacing-left-large:1.92%;--awb-width-medium:100%;--awb-order-medium:0;--awb-spacing-right-medium:1.92%;--awb-spacing-left-medium:1.92%;--awb-width-small:100%;--awb-order-small:0;--awb-spacing-right-small:1.92%;--awb-spacing-left-small:1.92%;\"><div class=\"fusion-column-wrapper fusion-column-has-shadow fusion-flex-justify-content-flex-start fusion-content-layout-column\"><div class=\"fusion-recent-posts fusion-recent-posts-1 avada-container layout-thumbnails-on-side layout-columns-2\"><section class=\"fusion-columns columns fusion-columns-2 columns-2\"><article class=\"post fusion-column column col col-lg-6 col-md-6 col-sm-6\"><div class=\"recent-posts-content\"><span class=\"updated\" style=\"display:none;\">2024-05-23T14:56:57+00:00<\/span><h4 class=\"entry-title\"><a href=\"https:\/\/new.samev-dz.com\/index.php\/2024\/05\/22\/ancien-articles\/\">Anciens articles<\/a><\/h4><p> N\u00b0 Titre Date de mise en ligne: 10698 systemic lupus erythematosis 04\/07\/2022 10697 Management of urinasystemstones 04\/07\/2022 10696 Genetic endocrine syndromes 04\/07\/2022 10695 Efficacit\u00e9s pratiques des moyens de contraception les plus connus 04\/07\/2022 10694 Causes of acute respiratory distress syndrome 04\/07\/2022 10693 Acute Porphyria 04\/07\/2022 10692 Variole du singe [...]<\/p><\/div><\/article><article class=\"post fusion-column column col col-lg-6 col-md-6 col-sm-6\"><div class=\"recent-posts-content\"><span class=\"updated\" style=\"display:none;\">2024-03-16T11:22:14+00:00<\/span><h4 class=\"entry-title\"><a href=\"https:\/\/new.samev-dz.com\/index.php\/2024\/03\/16\/questionnaires-devaluation-de-lavc\/\">Questionnaires d&#8217;\u00e9valuation de l&#8217;AVC<\/a><\/h4><p> Cher adh\u00e9rent, Un des th\u00e8mes du prochain congr\u00e8s de la SAMEV qui se d\u00e9roulera \u00e0 Alger du 6 au 7 juin 2024 portera sur les AVC. Pour cela, 2 questionnaires sont mis \u00e0 votre disposition en ligne sur le site www.samev-dz.com Nous n\u2019aurons besoin que de 10 minutes de [...]<\/p><\/div><\/article><article class=\"post fusion-column column col col-lg-6 col-md-6 col-sm-6\"><div class=\"fusion-flexslider fusion-flexslider-loading flexslider floated-slideshow flexslider-hover-type-zoomin\"><ul class=\"slides\"><li><a href=\"https:\/\/new.samev-dz.com\/index.php\/2024\/01\/22\/changement-de-la-date-du-13eme-congres-de-la-samev-2024\/\" aria-label=\"changement de la date du 13eme congr\u00e8s de la SAMEV 2024\" class=\"hover-type-zoomin\"><img decoding=\"async\" width=\"200\" height=\"281\" src=\"https:\/\/new.samev-dz.com\/wp-content\/uploads\/2024\/01\/Affiche-samev-2024_Plan-de-travail-1-copie-1-200x281.jpg\" class=\"attachment-fusion-200 size-fusion-200\" alt=\"\" srcset=\"https:\/\/new.samev-dz.com\/wp-content\/uploads\/2024\/01\/Affiche-samev-2024_Plan-de-travail-1-copie-1-200x281.jpg 200w, https:\/\/new.samev-dz.com\/wp-content\/uploads\/2024\/01\/Affiche-samev-2024_Plan-de-travail-1-copie-1-213x300.jpg 213w, https:\/\/new.samev-dz.com\/wp-content\/uploads\/2024\/01\/Affiche-samev-2024_Plan-de-travail-1-copie-1-400x562.jpg 400w, https:\/\/new.samev-dz.com\/wp-content\/uploads\/2024\/01\/Affiche-samev-2024_Plan-de-travail-1-copie-1-600x844.jpg 600w, https:\/\/new.samev-dz.com\/wp-content\/uploads\/2024\/01\/Affiche-samev-2024_Plan-de-travail-1-copie-1-728x1024.jpg 728w, https:\/\/new.samev-dz.com\/wp-content\/uploads\/2024\/01\/Affiche-samev-2024_Plan-de-travail-1-copie-1-768x1080.jpg 768w, https:\/\/new.samev-dz.com\/wp-content\/uploads\/2024\/01\/Affiche-samev-2024_Plan-de-travail-1-copie-1-800x1125.jpg 800w, https:\/\/new.samev-dz.com\/wp-content\/uploads\/2024\/01\/Affiche-samev-2024_Plan-de-travail-1-copie-1-1092x1536.jpg 1092w, https:\/\/new.samev-dz.com\/wp-content\/uploads\/2024\/01\/Affiche-samev-2024_Plan-de-travail-1-copie-1-1200x1687.jpg 1200w, https:\/\/new.samev-dz.com\/wp-content\/uploads\/2024\/01\/Affiche-samev-2024_Plan-de-travail-1-copie-1-1457x2048.jpg 1457w, https:\/\/new.samev-dz.com\/wp-content\/uploads\/2024\/01\/Affiche-samev-2024_Plan-de-travail-1-copie-1-scaled.jpg 1821w\" sizes=\"(max-width: 200px) 100vw, 200px\" \/><\/a><\/li><\/ul><\/div><div class=\"recent-posts-content\"><span class=\"updated\" style=\"display:none;\">2024-03-10T12:41:14+00:00<\/span><h4 class=\"entry-title\"><a href=\"https:\/\/new.samev-dz.com\/index.php\/2024\/01\/22\/changement-de-la-date-du-13eme-congres-de-la-samev-2024\/\">changement de la date du 13eme congr\u00e8s de la SAMEV 2024<\/a><\/h4><p> chers (es) confr\u00e8res et coll\u00e8gues: Faisant suite \u00e0 la dol\u00e9ance insistante d'un certain nombre de nos adh\u00e9rents et de nos intervenants et orateurs, le bureau de la SAMEV a d\u00e9cid\u00e9 de reporter le 13eme congr\u00e8s de la SAMEV \u00e0 la date du 6 et 7 Juin 2024 au lieu [...]<\/p><\/div><\/article><article class=\"post fusion-column column col col-lg-6 col-md-6 col-sm-6\"><div class=\"recent-posts-content\"><span class=\"updated\" style=\"display:none;\">2024-01-18T16:53:40+00:00<\/span><h4 class=\"entry-title\"><a href=\"https:\/\/new.samev-dz.com\/index.php\/2024\/01\/18\/annonce-du-projet-de-formation-en-medecine-vasculaire-samev\/\">ANNONCE du PROJET DE FORMATION EN MEDECINE VASCULAIRE (SAMEV)<\/a><\/h4><p> Cette formation n\u2019est pas dipl\u00f4mante mais qualifiante dans le cadre de la formation continue, pour l\u2019acquisition des comp\u00e9tences en m\u00e9decine vasculaire. Elle est destin\u00e9e aux seuls membres de la SAMEV, sous la forme d\u2019une f\u00e9d\u00e9ration de savoirs et de moyens de ses membres, en accord avec les statuts et [...]<\/p><\/div><\/article><article class=\"post fusion-column column col col-lg-6 col-md-6 col-sm-6\"><div class=\"recent-posts-content\"><span class=\"updated\" style=\"display:none;\">2024-01-18T15:08:33+00:00<\/span><h4 class=\"entry-title\"><a href=\"https:\/\/new.samev-dz.com\/index.php\/2024\/01\/18\/informations-generales\/\">Informations g\u00e9n\u00e9rales<\/a><\/h4><p><\/p><\/div><\/article><article class=\"post fusion-column column col col-lg-6 col-md-6 col-sm-6\"><div class=\"recent-posts-content\"><span class=\"updated\" style=\"display:none;\">2024-01-18T14:55:38+00:00<\/span><h4 class=\"entry-title\"><a href=\"https:\/\/new.samev-dz.com\/index.php\/2024\/01\/18\/dates-importantes\/\">Dates importantes<\/a><\/h4><p><\/p><\/div><\/article><article class=\"post fusion-column column col col-lg-6 col-md-6 col-sm-6\"><div class=\"recent-posts-content\"><span class=\"updated\" style=\"display:none;\">2024-12-27T11:26:33+00:00<\/span><h4 class=\"entry-title\"><a href=\"https:\/\/new.samev-dz.com\/index.php\/2024\/01\/18\/recommandations-aux-auteurs-2\/\">Recommandations aux auteurs<\/a><\/h4><p>1. Le texte du r\u00e9sum\u00e9 ne doit pas exc\u00e9der 350 mots. Il ne doit comporter ni tableaux, ni figures. 2. La pr\u00e9sentation se fait selon le plan suivant : Titre : Introduction : comporte \u00e9tat actuel des connaissances et les objectifs de l\u2019\u00e9tude Mat\u00e9riels et m\u00e9thodes : R\u00e9sultats : sans [...]<\/p><\/div><\/article><article class=\"post fusion-column column col col-lg-6 col-md-6 col-sm-6\"><div class=\"recent-posts-content\"><span class=\"updated\" style=\"display:none;\">2024-01-18T14:52:28+00:00<\/span><h4 class=\"entry-title\"><a href=\"https:\/\/new.samev-dz.com\/index.php\/2024\/01\/18\/themes-2024\/\">th\u00e8mes 2024<\/a><\/h4><p>th\u00e8mes Avanc\u00e9es th\u00e9rapeutiques dans les maladies vasculaires,\u00a0 Th\u00e8mes retenus sont : \u00a0 -La pathologie des art\u00e8res p\u00e9riph\u00e9riques : \u00a0*\u00a0 L\u2019art\u00e9riopathie oblit\u00e9rante des membres inf\u00e9rieurs (AOMI) \u00a0*\u00a0 Les accidents vasculaires c\u00e9r\u00e9braux (AVC)\u00a0 \u00a0*\u00a0 L\u2019aorte abdominale et ses branches\u00a0 -Diab\u00e8te type 2 : Nouveaut\u00e9s th\u00e9rapeutiques et protection cardiovasculaire. -Actualit\u00e9s dans la prise [...]<\/p><\/div><\/article><article class=\"post fusion-column column col col-lg-6 col-md-6 col-sm-6\"><div class=\"fusion-flexslider fusion-flexslider-loading flexslider floated-slideshow flexslider-hover-type-zoomin\"><ul class=\"slides\"><li><a href=\"https:\/\/new.samev-dz.com\/index.php\/2023\/01\/24\/disparition-de-notre-ami-et-confrere-alain-viard\/\" aria-label=\"Disparition de notre ami et confr\u00e8re, Alain VIARD\" class=\"hover-type-zoomin\"><img decoding=\"async\" width=\"200\" height=\"50\" src=\"https:\/\/new.samev-dz.com\/wp-content\/uploads\/2023\/01\/unnamed-200x50.jpg\" class=\"attachment-fusion-200 size-fusion-200\" alt=\"\" srcset=\"https:\/\/new.samev-dz.com\/wp-content\/uploads\/2023\/01\/unnamed-200x50.jpg 200w, https:\/\/new.samev-dz.com\/wp-content\/uploads\/2023\/01\/unnamed-300x75.jpg 300w, https:\/\/new.samev-dz.com\/wp-content\/uploads\/2023\/01\/unnamed-400x100.jpg 400w, https:\/\/new.samev-dz.com\/wp-content\/uploads\/2023\/01\/unnamed-600x150.jpg 600w, https:\/\/new.samev-dz.com\/wp-content\/uploads\/2023\/01\/unnamed-768x192.jpg 768w, https:\/\/new.samev-dz.com\/wp-content\/uploads\/2023\/01\/unnamed-800x200.jpg 800w, https:\/\/new.samev-dz.com\/wp-content\/uploads\/2023\/01\/unnamed-1024x256.jpg 1024w, https:\/\/new.samev-dz.com\/wp-content\/uploads\/2023\/01\/unnamed.jpg 1200w\" sizes=\"(max-width: 200px) 100vw, 200px\" \/><\/a><\/li><\/ul><\/div><div class=\"recent-posts-content\"><span class=\"updated\" style=\"display:none;\">2023-01-24T22:35:24+00:00<\/span><h4 class=\"entry-title\"><a href=\"https:\/\/new.samev-dz.com\/index.php\/2023\/01\/24\/disparition-de-notre-ami-et-confrere-alain-viard\/\">Disparition de notre ami et confr\u00e8re, Alain VIARD<\/a><\/h4><p>Triste nouvelle Une belle personne a rejoint les \u00e9toiles ! C'est avec une grande tristesse que nous avons appris le d\u00e9c\u00e8s d\u2019Alain VIARD. Nous lui rendons hommage et adressons toutes nos condol\u00e9ances \u00e0 sa famille et ses amis. Pour le Bureau et le Conseil d\u2019Administration de la SFMV, Marie-Antoinette SEVESTRE-PIETRI [...]<\/p><\/div><\/article><article class=\"post fusion-column column col col-lg-6 col-md-6 col-sm-6\"><div class=\"recent-posts-content\"><span class=\"updated\" style=\"display:none;\">2023-01-24T16:52:01+00:00<\/span><h4 class=\"entry-title\"><a href=\"https:\/\/new.samev-dz.com\/index.php\/2023\/01\/24\/comites\/\">Comit\u00e9s<\/a><\/h4><p>Pr\u00e9sidents d\u2019honneur Pr Mansour Brouri. Pr Rachida Guermaz Comit\u00e9 d\u2019organisation Mohamed Baba Ahmed Ahmed Hatri Mohamed Ammi Nadam Benmehidi Nadia Lanasri Chafia Ouarab Sid Ahmed Maamar Akila Allag Mahdjouba Benbakhta Amine Chouiter Noureddine Hamamid Comit\u00e9 scientifique Mohamed Baba Ahmed Mansour Brouri Rachida Guermaz Samia Zekri Ahmed Hatri Nadia Lanasri Fay\u00e7al [...]<\/p><\/div><\/article><article class=\"post fusion-column column col col-lg-6 col-md-6 col-sm-6\"><div class=\"recent-posts-content\"><span class=\"updated\" style=\"display:none;\">2023-01-24T16:49:27+00:00<\/span><h4 class=\"entry-title\"><a href=\"https:\/\/new.samev-dz.com\/index.php\/2023\/01\/24\/recommandations-aux-auteurs\/\">Recommandations aux auteurs<\/a><\/h4><p>Le texte du r\u00e9sum\u00e9 ne doit pas exc\u00e9der\u00a0350 mots. Il ne doit comporter ni tableaux, ni figures. La pr\u00e9sentation se fait selon le plan suivant\u00a0: Titre\u00a0:\u00a0\u00a0\u00a0\u00a0\u00a0\u00a0\u00a0\u00a0\u00a0\u00a0\u00a0\u00a0 Introduction\u00a0:\u00a0comporte \u00e9tat actuel des connaissances et les objectifs de l\u2019\u00e9tude Mat\u00e9riels\u00a0et m\u00e9thodes\u00a0: R\u00e9sultats\u00a0: sans commentaires ni discussion Discussion\u00a0: confrontation des r\u00e9sultats obtenus par rapport [...]<\/p><\/div><\/article><article class=\"post fusion-column column col col-lg-6 col-md-6 col-sm-6\"><div class=\"recent-posts-content\"><span class=\"updated\" style=\"display:none;\">2023-01-24T16:44:04+00:00<\/span><h4 class=\"entry-title\"><a href=\"https:\/\/new.samev-dz.com\/index.php\/2023\/01\/24\/recommandations-aux-orateurs\/\">Recommandations aux ORATEURS<\/a><\/h4><p>Toutes les pr\u00e9sentations doivent \u00eatre pr\u00e9par\u00e9es pour PC. Votre ordinateur ne pourra pas \u00eatre utilis\u00e9 dans la salle de conf\u00e9rences. Merci de vous pr\u00e9senter en pr\u00e9-projection muni d\u2019une cl\u00e9 USB ou d\u2019un CD-Rom, dans tous les cas, passez \u00e0 la salle de projection deux (02) heures avant le d\u00e9but de [...]<\/p><\/div><\/article><article class=\"post fusion-column column col col-lg-6 col-md-6 col-sm-6\"><div class=\"recent-posts-content\"><span class=\"updated\" style=\"display:none;\">2024-12-27T11:28:15+00:00<\/span><h4 class=\"entry-title\"><a href=\"https:\/\/new.samev-dz.com\/index.php\/2023\/01\/24\/recommandations-e-posters\/\">Recommandations E-Posters<\/a><\/h4><p>Les communications affich\u00e9es doivent \u00eatre pr\u00e9sent\u00e9es sous forme \u00e9lectronique E-poster. Vous devrez le faire parvenir par email avant le 20 Mai 2025 \u00e0 : eposters@samev-dz.com. Consignes \u00e0 observer : Veillez \u00e0 pr\u00e9ciser dans l\u2019objet du message : - poster n\u2026 - Le poster doit \u00eatre \u00e0 la dimension A0 (84cm [...]<\/p><\/div><\/article><article class=\"post fusion-column column col col-lg-6 col-md-6 col-sm-6\"><div class=\"recent-posts-content\"><span class=\"updated\" style=\"display:none;\">2023-01-24T16:41:00+00:00<\/span><h4 class=\"entry-title\"><a href=\"https:\/\/new.samev-dz.com\/index.php\/2023\/01\/24\/programme-des-ateliers\/\">Programme des ateliers<\/a><\/h4><p><\/p><\/div><\/article><article class=\"post fusion-column column col col-lg-6 col-md-6 col-sm-6\"><div class=\"recent-posts-content\"><span class=\"updated\" style=\"display:none;\">2023-01-24T16:39:13+00:00<\/span><h4 class=\"entry-title\"><a href=\"https:\/\/new.samev-dz.com\/index.php\/2023\/01\/24\/liste-des-eposters\/\">Liste des EPOSTERS<\/a><\/h4><p>P1- Thrombose veineuse c\u00e9r\u00e9brale et d\u00e9ficit en prot\u00e9ine S : \u00c0 propos de 2 cas. Kesraoui, F. Zeraoulia, T. Kerrouche, A. Hamouda, H. Atrous, L. Makhlouf, A. Biad A, WN. Nibouche EPH Ain Taya P2- Profil cardiovasculaire des accidents vasculaires c\u00e9r\u00e9braux (AVC) : Etude r\u00e9trospective observationnelle : A propos de [...]<\/p><\/div><\/article><\/section><\/div><\/div><\/div><\/div><\/div><\/p>\n","protected":false},"excerpt":{"rendered":"","protected":false},"author":1,"featured_media":0,"parent":0,"menu_order":0,"comment_status":"closed","ping_status":"closed","template":"","meta":{"_bbp_topic_count":0,"_bbp_reply_count":0,"_bbp_total_topic_count":0,"_bbp_total_reply_count":0,"_bbp_voice_count":0,"_bbp_anonymous_reply_count":0,"_bbp_topic_count_hidden":0,"_bbp_reply_count_hidden":0,"_bbp_forum_subforum_count":0,"footnotes":""},"class_list":["post-18","page","type-page","status-publish","hentry"],"yoast_head":"<!-- This site is optimized with the Yoast SEO plugin v26.8 - https:\/\/yoast.com\/product\/yoast-seo-wordpress\/ -->\n<title>News - Soci\u00e9t\u00e9 Alg\u00e9rienne de M\u00e9decine Vasculaire<\/title>\n<meta name=\"robots\" content=\"index, follow, max-snippet:-1, max-image-preview:large, max-video-preview:-1\" \/>\n<link rel=\"canonical\" href=\"https:\/\/new.samev-dz.com\/index.php\/news\/\" \/>\n<meta property=\"og:locale\" content=\"en_US\" \/>\n<meta property=\"og:type\" content=\"article\" \/>\n<meta property=\"og:title\" content=\"News - Soci\u00e9t\u00e9 Alg\u00e9rienne de M\u00e9decine Vasculaire\" \/>\n<meta property=\"og:url\" content=\"https:\/\/new.samev-dz.com\/index.php\/news\/\" \/>\n<meta property=\"og:site_name\" content=\"Soci\u00e9t\u00e9 Alg\u00e9rienne de M\u00e9decine Vasculaire\" \/>\n<meta property=\"article:modified_time\" content=\"2024-03-12T12:48:11+00:00\" \/>\n<meta name=\"twitter:card\" content=\"summary_large_image\" \/>\n<meta name=\"twitter:label1\" content=\"Est. reading time\" \/>\n\t<meta name=\"twitter:data1\" content=\"5 minutes\" \/>\n<script type=\"application\/ld+json\" class=\"yoast-schema-graph\">{\"@context\":\"https:\/\/schema.org\",\"@graph\":[{\"@type\":\"WebPage\",\"@id\":\"https:\/\/new.samev-dz.com\/index.php\/news\/\",\"url\":\"https:\/\/new.samev-dz.com\/index.php\/news\/\",\"name\":\"News - Soci\u00e9t\u00e9 Alg\u00e9rienne de M\u00e9decine Vasculaire\",\"isPartOf\":{\"@id\":\"https:\/\/new.samev-dz.com\/#website\"},\"datePublished\":\"2023-01-23T11:10:12+00:00\",\"dateModified\":\"2024-03-12T12:48:11+00:00\",\"breadcrumb\":{\"@id\":\"https:\/\/new.samev-dz.com\/index.php\/news\/#breadcrumb\"},\"inLanguage\":\"en-US\",\"potentialAction\":[{\"@type\":\"ReadAction\",\"target\":[\"https:\/\/new.samev-dz.com\/index.php\/news\/\"]}]},{\"@type\":\"BreadcrumbList\",\"@id\":\"https:\/\/new.samev-dz.com\/index.php\/news\/#breadcrumb\",\"itemListElement\":[{\"@type\":\"ListItem\",\"position\":1,\"name\":\"Home\",\"item\":\"https:\/\/new.samev-dz.com\/\"},{\"@type\":\"ListItem\",\"position\":2,\"name\":\"News\"}]},{\"@type\":\"WebSite\",\"@id\":\"https:\/\/new.samev-dz.com\/#website\",\"url\":\"https:\/\/new.samev-dz.com\/\",\"name\":\"Soci\u00e9t\u00e9 Alg\u00e9rienne de M\u00e9decine Vasculaire\",\"description\":\"\",\"potentialAction\":[{\"@type\":\"SearchAction\",\"target\":{\"@type\":\"EntryPoint\",\"urlTemplate\":\"https:\/\/new.samev-dz.com\/?s={search_term_string}\"},\"query-input\":{\"@type\":\"PropertyValueSpecification\",\"valueRequired\":true,\"valueName\":\"search_term_string\"}}],\"inLanguage\":\"en-US\"}]}<\/script>\n<!-- \/ Yoast SEO plugin. -->","yoast_head_json":{"title":"News - Soci\u00e9t\u00e9 Alg\u00e9rienne de M\u00e9decine Vasculaire","robots":{"index":"index","follow":"follow","max-snippet":"max-snippet:-1","max-image-preview":"max-image-preview:large","max-video-preview":"max-video-preview:-1"},"canonical":"https:\/\/new.samev-dz.com\/index.php\/news\/","og_locale":"en_US","og_type":"article","og_title":"News - Soci\u00e9t\u00e9 Alg\u00e9rienne de M\u00e9decine Vasculaire","og_url":"https:\/\/new.samev-dz.com\/index.php\/news\/","og_site_name":"Soci\u00e9t\u00e9 Alg\u00e9rienne de M\u00e9decine Vasculaire","article_modified_time":"2024-03-12T12:48:11+00:00","twitter_card":"summary_large_image","twitter_misc":{"Est. reading time":"5 minutes"},"schema":{"@context":"https:\/\/schema.org","@graph":[{"@type":"WebPage","@id":"https:\/\/new.samev-dz.com\/index.php\/news\/","url":"https:\/\/new.samev-dz.com\/index.php\/news\/","name":"News - Soci\u00e9t\u00e9 Alg\u00e9rienne de M\u00e9decine Vasculaire","isPartOf":{"@id":"https:\/\/new.samev-dz.com\/#website"},"datePublished":"2023-01-23T11:10:12+00:00","dateModified":"2024-03-12T12:48:11+00:00","breadcrumb":{"@id":"https:\/\/new.samev-dz.com\/index.php\/news\/#breadcrumb"},"inLanguage":"en-US","potentialAction":[{"@type":"ReadAction","target":["https:\/\/new.samev-dz.com\/index.php\/news\/"]}]},{"@type":"BreadcrumbList","@id":"https:\/\/new.samev-dz.com\/index.php\/news\/#breadcrumb","itemListElement":[{"@type":"ListItem","position":1,"name":"Home","item":"https:\/\/new.samev-dz.com\/"},{"@type":"ListItem","position":2,"name":"News"}]},{"@type":"WebSite","@id":"https:\/\/new.samev-dz.com\/#website","url":"https:\/\/new.samev-dz.com\/","name":"Soci\u00e9t\u00e9 Alg\u00e9rienne de M\u00e9decine Vasculaire","description":"","potentialAction":[{"@type":"SearchAction","target":{"@type":"EntryPoint","urlTemplate":"https:\/\/new.samev-dz.com\/?s={search_term_string}"},"query-input":{"@type":"PropertyValueSpecification","valueRequired":true,"valueName":"search_term_string"}}],"inLanguage":"en-US"}]}},"_links":{"self":[{"href":"https:\/\/new.samev-dz.com\/index.php\/wp-json\/wp\/v2\/pages\/18","targetHints":{"allow":["GET"]}}],"collection":[{"href":"https:\/\/new.samev-dz.com\/index.php\/wp-json\/wp\/v2\/pages"}],"about":[{"href":"https:\/\/new.samev-dz.com\/index.php\/wp-json\/wp\/v2\/types\/page"}],"author":[{"embeddable":true,"href":"https:\/\/new.samev-dz.com\/index.php\/wp-json\/wp\/v2\/users\/1"}],"replies":[{"embeddable":true,"href":"https:\/\/new.samev-dz.com\/index.php\/wp-json\/wp\/v2\/comments?post=18"}],"version-history":[{"count":3,"href":"https:\/\/new.samev-dz.com\/index.php\/wp-json\/wp\/v2\/pages\/18\/revisions"}],"predecessor-version":[{"id":456,"href":"https:\/\/new.samev-dz.com\/index.php\/wp-json\/wp\/v2\/pages\/18\/revisions\/456"}],"wp:attachment":[{"href":"https:\/\/new.samev-dz.com\/index.php\/wp-json\/wp\/v2\/media?parent=18"}],"curies":[{"name":"wp","href":"https:\/\/api.w.org\/{rel}","templated":true}]}}