{"id":293,"date":"2024-02-12T06:44:43","date_gmt":"2024-02-12T06:44:43","guid":{"rendered":"https:\/\/new.samev-dz.com\/?page_id=293"},"modified":"2024-03-16T11:12:01","modified_gmt":"2024-03-16T11:12:01","slug":"questionnaires-avc","status":"publish","type":"page","link":"https:\/\/new.samev-dz.com\/index.php\/questionnaires-avc\/","title":{"rendered":"Questionnaires AVC"},"content":{"rendered":"<div class=\"fusion-fullwidth fullwidth-box fusion-builder-row-1 fusion-flex-container nonhundred-percent-fullwidth non-hundred-percent-height-scrolling\" style=\"--awb-border-radius-top-left:0px;--awb-border-radius-top-right:0px;--awb-border-radius-bottom-right:0px;--awb-border-radius-bottom-left:0px;--awb-flex-wrap:wrap;\" ><div class=\"fusion-builder-row fusion-row fusion-flex-align-items-flex-start fusion-flex-content-wrap\" style=\"max-width:1456px;margin-left: calc(-4% \/ 2 );margin-right: calc(-4% \/ 2 );\"><div class=\"fusion-layout-column fusion_builder_column fusion-builder-column-0 fusion_builder_column_1_1 1_1 fusion-flex-column fusion-flex-align-self-center\" style=\"--awb-padding-top:74px;--awb-bg-size:cover;--awb-width-large:100%;--awb-margin-top-large:17px;--awb-spacing-right-large:9.312%;--awb-margin-bottom-large:203px;--awb-spacing-left-large:3.072%;--awb-width-medium:100%;--awb-order-medium:0;--awb-spacing-right-medium:9.312%;--awb-spacing-left-medium:3.072%;--awb-width-small:100%;--awb-order-small:0;--awb-spacing-right-small:1.92%;--awb-spacing-left-small:1.92%;\"><div class=\"fusion-column-wrapper fusion-column-has-shadow fusion-flex-justify-content-flex-start fusion-content-layout-column\"><div ><a class=\"fusion-button button-flat button-xlarge button-custom fusion-button-default button-1 fusion-button-span-yes fusion-button-default-type\" style=\"--button_accent_color:#ffffff;--button_accent_hover_color:#ffffff;--button_border_hover_color:#ffffff;--button_border_width-top:0;--button_border_width-right:0;--button_border_width-bottom:0;--button_border_width-left:0;--button-border-radius-top-left:17px;--button-border-radius-top-right:17px;--button-border-radius-bottom-right:17px;--button-border-radius-bottom-left:17px;--button_gradient_top_color:#0134bf;--button_gradient_bottom_color:#0134bf;--button_gradient_top_color_hover:#0134bf;--button_gradient_bottom_color_hover:#0134bf;--button_margin-top:20px;--button_margin-bottom:20px;\" target=\"_self\" href=\"https:\/\/new.samev-dz.com\/index.php\/sondage-avc-formulaire-pour-patient\/\"><i class=\"fa-question-circle fas button-icon-left\" aria-hidden=\"true\"><\/i><span class=\"fusion-button-text\">Questions \u00e0 poser au patient (\u2265 40ans)<\/span><\/a><\/div><div ><a class=\"fusion-button button-flat button-xlarge button-custom fusion-button-default button-2 fusion-button-span-yes fusion-button-default-type\" style=\"--button_accent_color:#ffffff;--button_accent_hover_color:#ffffff;--button_border_hover_color:#ffffff;--button_border_width-top:0;--button_border_width-right:0;--button_border_width-bottom:0;--button_border_width-left:0;--button-border-radius-top-left:17px;--button-border-radius-top-right:17px;--button-border-radius-bottom-right:17px;--button-border-radius-bottom-left:17px;--button_gradient_top_color:#0134bf;--button_gradient_bottom_color:#0134bf;--button_gradient_top_color_hover:#0134bf;--button_gradient_bottom_color_hover:#0134bf;--button_margin-top:20px;--button_margin-bottom:20px;\" target=\"_self\" href=\"https:\/\/new.samev-dz.com\/index.php\/sondage-avc\/\"><i class=\"fa-question-circle fas button-icon-left\" aria-hidden=\"true\"><\/i><span class=\"fusion-button-text\">Questions au m\u00e9decin <\/span><\/a><\/div><div ><a class=\"fusion-button button-flat button-xlarge button-custom fusion-button-default button-3 fusion-button-span-yes fusion-button-default-type\" style=\"--button_accent_color:#ffffff;--button_accent_hover_color:#ffffff;--button_border_hover_color:#ffffff;--button_border_width-top:0;--button_border_width-right:0;--button_border_width-bottom:0;--button_border_width-left:0;--button-border-radius-top-left:17px;--button-border-radius-top-right:17px;--button-border-radius-bottom-right:17px;--button-border-radius-bottom-left:17px;--button_gradient_top_color:#0134bf;--button_gradient_bottom_color:#0134bf;--button_gradient_top_color_hover:#0134bf;--button_gradient_bottom_color_hover:#0134bf;--button_margin-top:20px;--button_margin-bottom:20px;\" target=\"_self\" href=\"https:\/\/new.samev-dz.com\/index.php\/fiche-avc-mode-dentree-dans-la-maladie\/\"><i class=\"fa-question-circle fas button-icon-left\" aria-hidden=\"true\"><\/i><span class=\"fusion-button-text\">Fiche AVC (Mode d\u2019entr\u00e9e dans la maladie) <\/span><\/a><\/div><\/div><\/div><\/div><\/div>\n","protected":false},"excerpt":{"rendered":"","protected":false},"author":1,"featured_media":0,"parent":0,"menu_order":0,"comment_status":"closed","ping_status":"closed","template":"","meta":{"_bbp_topic_count":0,"_bbp_reply_count":0,"_bbp_total_topic_count":0,"_bbp_total_reply_count":0,"_bbp_voice_count":0,"_bbp_anonymous_reply_count":0,"_bbp_topic_count_hidden":0,"_bbp_reply_count_hidden":0,"_bbp_forum_subforum_count":0,"footnotes":""},"class_list":["post-293","page","type-page","status-publish","hentry"],"yoast_head":"<!-- This site is optimized with the Yoast SEO plugin v26.8 - https:\/\/yoast.com\/product\/yoast-seo-wordpress\/ -->\n<title>Questionnaires AVC - Soci\u00e9t\u00e9 Alg\u00e9rienne de M\u00e9decine Vasculaire<\/title>\n<meta name=\"robots\" content=\"index, follow, max-snippet:-1, max-image-preview:large, max-video-preview:-1\" \/>\n<link rel=\"canonical\" href=\"https:\/\/new.samev-dz.com\/index.php\/questionnaires-avc\/\" \/>\n<meta property=\"og:locale\" content=\"en_US\" \/>\n<meta property=\"og:type\" content=\"article\" \/>\n<meta property=\"og:title\" content=\"Questionnaires AVC - Soci\u00e9t\u00e9 Alg\u00e9rienne de M\u00e9decine Vasculaire\" \/>\n<meta property=\"og:url\" content=\"https:\/\/new.samev-dz.com\/index.php\/questionnaires-avc\/\" \/>\n<meta property=\"og:site_name\" content=\"Soci\u00e9t\u00e9 Alg\u00e9rienne de M\u00e9decine Vasculaire\" \/>\n<meta property=\"article:modified_time\" content=\"2024-03-16T11:12:01+00:00\" \/>\n<meta name=\"twitter:card\" content=\"summary_large_image\" \/>\n<script type=\"application\/ld+json\" class=\"yoast-schema-graph\">{\"@context\":\"https:\/\/schema.org\",\"@graph\":[{\"@type\":\"WebPage\",\"@id\":\"https:\/\/new.samev-dz.com\/index.php\/questionnaires-avc\/\",\"url\":\"https:\/\/new.samev-dz.com\/index.php\/questionnaires-avc\/\",\"name\":\"Questionnaires AVC - Soci\u00e9t\u00e9 Alg\u00e9rienne de M\u00e9decine Vasculaire\",\"isPartOf\":{\"@id\":\"https:\/\/new.samev-dz.com\/#website\"},\"datePublished\":\"2024-02-12T06:44:43+00:00\",\"dateModified\":\"2024-03-16T11:12:01+00:00\",\"breadcrumb\":{\"@id\":\"https:\/\/new.samev-dz.com\/index.php\/questionnaires-avc\/#breadcrumb\"},\"inLanguage\":\"en-US\",\"potentialAction\":[{\"@type\":\"ReadAction\",\"target\":[\"https:\/\/new.samev-dz.com\/index.php\/questionnaires-avc\/\"]}]},{\"@type\":\"BreadcrumbList\",\"@id\":\"https:\/\/new.samev-dz.com\/index.php\/questionnaires-avc\/#breadcrumb\",\"itemListElement\":[{\"@type\":\"ListItem\",\"position\":1,\"name\":\"Home\",\"item\":\"https:\/\/new.samev-dz.com\/\"},{\"@type\":\"ListItem\",\"position\":2,\"name\":\"Questionnaires AVC\"}]},{\"@type\":\"WebSite\",\"@id\":\"https:\/\/new.samev-dz.com\/#website\",\"url\":\"https:\/\/new.samev-dz.com\/\",\"name\":\"Soci\u00e9t\u00e9 Alg\u00e9rienne de M\u00e9decine Vasculaire\",\"description\":\"\",\"potentialAction\":[{\"@type\":\"SearchAction\",\"target\":{\"@type\":\"EntryPoint\",\"urlTemplate\":\"https:\/\/new.samev-dz.com\/?s={search_term_string}\"},\"query-input\":{\"@type\":\"PropertyValueSpecification\",\"valueRequired\":true,\"valueName\":\"search_term_string\"}}],\"inLanguage\":\"en-US\"}]}<\/script>\n<!-- \/ Yoast SEO plugin. -->","yoast_head_json":{"title":"Questionnaires AVC - Soci\u00e9t\u00e9 Alg\u00e9rienne de M\u00e9decine Vasculaire","robots":{"index":"index","follow":"follow","max-snippet":"max-snippet:-1","max-image-preview":"max-image-preview:large","max-video-preview":"max-video-preview:-1"},"canonical":"https:\/\/new.samev-dz.com\/index.php\/questionnaires-avc\/","og_locale":"en_US","og_type":"article","og_title":"Questionnaires AVC - Soci\u00e9t\u00e9 Alg\u00e9rienne de M\u00e9decine Vasculaire","og_url":"https:\/\/new.samev-dz.com\/index.php\/questionnaires-avc\/","og_site_name":"Soci\u00e9t\u00e9 Alg\u00e9rienne de M\u00e9decine Vasculaire","article_modified_time":"2024-03-16T11:12:01+00:00","twitter_card":"summary_large_image","schema":{"@context":"https:\/\/schema.org","@graph":[{"@type":"WebPage","@id":"https:\/\/new.samev-dz.com\/index.php\/questionnaires-avc\/","url":"https:\/\/new.samev-dz.com\/index.php\/questionnaires-avc\/","name":"Questionnaires AVC - Soci\u00e9t\u00e9 Alg\u00e9rienne de M\u00e9decine Vasculaire","isPartOf":{"@id":"https:\/\/new.samev-dz.com\/#website"},"datePublished":"2024-02-12T06:44:43+00:00","dateModified":"2024-03-16T11:12:01+00:00","breadcrumb":{"@id":"https:\/\/new.samev-dz.com\/index.php\/questionnaires-avc\/#breadcrumb"},"inLanguage":"en-US","potentialAction":[{"@type":"ReadAction","target":["https:\/\/new.samev-dz.com\/index.php\/questionnaires-avc\/"]}]},{"@type":"BreadcrumbList","@id":"https:\/\/new.samev-dz.com\/index.php\/questionnaires-avc\/#breadcrumb","itemListElement":[{"@type":"ListItem","position":1,"name":"Home","item":"https:\/\/new.samev-dz.com\/"},{"@type":"ListItem","position":2,"name":"Questionnaires AVC"}]},{"@type":"WebSite","@id":"https:\/\/new.samev-dz.com\/#website","url":"https:\/\/new.samev-dz.com\/","name":"Soci\u00e9t\u00e9 Alg\u00e9rienne de M\u00e9decine Vasculaire","description":"","potentialAction":[{"@type":"SearchAction","target":{"@type":"EntryPoint","urlTemplate":"https:\/\/new.samev-dz.com\/?s={search_term_string}"},"query-input":{"@type":"PropertyValueSpecification","valueRequired":true,"valueName":"search_term_string"}}],"inLanguage":"en-US"}]}},"_links":{"self":[{"href":"https:\/\/new.samev-dz.com\/index.php\/wp-json\/wp\/v2\/pages\/293","targetHints":{"allow":["GET"]}}],"collection":[{"href":"https:\/\/new.samev-dz.com\/index.php\/wp-json\/wp\/v2\/pages"}],"about":[{"href":"https:\/\/new.samev-dz.com\/index.php\/wp-json\/wp\/v2\/types\/page"}],"author":[{"embeddable":true,"href":"https:\/\/new.samev-dz.com\/index.php\/wp-json\/wp\/v2\/users\/1"}],"replies":[{"embeddable":true,"href":"https:\/\/new.samev-dz.com\/index.php\/wp-json\/wp\/v2\/comments?post=293"}],"version-history":[{"count":7,"href":"https:\/\/new.samev-dz.com\/index.php\/wp-json\/wp\/v2\/pages\/293\/revisions"}],"predecessor-version":[{"id":481,"href":"https:\/\/new.samev-dz.com\/index.php\/wp-json\/wp\/v2\/pages\/293\/revisions\/481"}],"wp:attachment":[{"href":"https:\/\/new.samev-dz.com\/index.php\/wp-json\/wp\/v2\/media?parent=293"}],"curies":[{"name":"wp","href":"https:\/\/api.w.org\/{rel}","templated":true}]}}