{"id":393,"date":"2024-03-11T14:08:07","date_gmt":"2024-03-11T14:08:07","guid":{"rendered":"https:\/\/new.samev-dz.com\/?page_id=393"},"modified":"2024-03-11T14:28:58","modified_gmt":"2024-03-11T14:28:58","slug":"communication-presentees-12eme-congres-de-la-samev","status":"publish","type":"page","link":"https:\/\/new.samev-dz.com\/index.php\/communication-presentees-12eme-congres-de-la-samev\/","title":{"rendered":"Communication pr\u00e9sent\u00e9es 12eme congres de la samev"},"content":{"rendered":"<h1>Communications pr\u00e9sent\u00e9es 2023<\/h1>\n<h2 style=\"text-align: center;\">Jeudi 18 MAI 2023<\/h2>\n<h3>1\u00e8re s\u00e9ance : Maladie ThromboEmbolique Veineuse chez la femme.<\/h3>\n<p><a href=\"https:\/\/new.samev-dz.com\/wp-content\/uploads\/2024\/03\/Conf-1-MTEV-et-GSS-SAMEV-Mai-2023.pdf\">Conf 1 : Quelles strat\u00e9gies diagnostiques de la MTEV chez la femme enceinte ? M. Baba-Ahmed.<\/a><\/p>\n<p><a href=\"https:\/\/new.samev-dz.com\/wp-content\/uploads\/2024\/03\/Conf-2-anticoagulants-et-grossesse.pdf\">Conf 2 : Anticoagulants et grossesse. F. Madaci<\/a><\/p>\n<p><a href=\"https:\/\/new.samev-dz.com\/wp-content\/uploads\/2024\/03\/Conf-4-Thrombose-veineuse-et-cancer-.pdf\">Conf 4 : Cancers f\u00e9minins et MTEV. M. Gamaz<\/a><\/p>\n<p><a href=\"https:\/\/new.samev-dz.com\/wp-content\/uploads\/2024\/03\/Conf-5-PATHVASC-OBST-2023.pdf\">Conf 5 : Pathologies vasculaires et pertes f\u0153tales. A. Dammene-Debbih<\/a><\/p>\n<p><a href=\"https:\/\/new.samev-dz.com\/wp-content\/uploads\/2024\/03\/Conf-6-Thrombophilie-et-grossesse.pptx-SAMEV-2023.pdf\">Conf 6 : Thrombophilie et grossesse. J.P. Laroche<\/a><\/p>\n<h3>2\u00e8me s\u00e9ance : Le risque cardio-vasculaire chez la femme.<\/h3>\n<p><a href=\"https:\/\/new.samev-dz.com\/wp-content\/uploads\/2024\/03\/Conf-7-Etiopathogenie-de-latherothrombose.pdf\">Conf 7 : De la dysfonction endoth\u00e9liale \u00e0 l\u2019ath\u00e9roscl\u00e9rose. M. Brouri.<\/a><\/p>\n<p><a href=\"https:\/\/new.samev-dz.com\/wp-content\/uploads\/2024\/03\/Conf-8-ATS-FEMME-2023-samev.pdf\">Conf 8 : Maladies inflammatoires et risque cardiovasculaire chez la femme. A. Hatri<\/a><\/p>\n<p><a href=\"https:\/\/new.samev-dz.com\/wp-content\/uploads\/2024\/03\/Conf-9-CONTRACEPTION-RISQUE-VASCULAIRE.pdf\">Conf 9 : Pilule sans risque vasculaire. A. Dammene-Debbih<\/a><\/p>\n<p><a href=\"https:\/\/new.samev-dz.com\/wp-content\/uploads\/2024\/03\/Conf-10-AOMI-FEMME-SAMEV-2023.pdf\">Conf 10: Particularit\u00e9s de l\u2019AOMI chez la femme. J.P. Laroche.<\/a><\/p>\n<p><a href=\"https:\/\/new.samev-dz.com\/wp-content\/uploads\/2024\/03\/Conf-11-DEFINITIF-DEFINITIF-Particularites-de-la-coronaropathie.pdf\">Conf 11 : Particularit\u00e9s de la coronaropathie chez la femme. N. Adjeroud.<\/a><\/p>\n<p><a href=\"https:\/\/new.samev-dz.com\/wp-content\/uploads\/2024\/03\/Conf-12-HTAP-AU-FEMININ-SAMEV-2023-VERSION-LONGUE.pdf\">Conf 12 : HTAP au f\u00e9minin. D. Hakem<\/a><\/p>\n<p>&nbsp;<\/p>\n<h2 style=\"text-align: center;\">Vendredi 19 MAI 2023<\/h2>\n<h3>3\u00e8me s\u00e9ance : Gyn\u00e9cologie et maladies veineuses chroniques<\/h3>\n<p><a href=\"https:\/\/new.samev-dz.com\/wp-content\/uploads\/2024\/03\/Conf-14-Varices-femme-SAMEV.pdf\">Conf 14: Insuffisance veineuse superficielle chez la femme, une pathologie sp\u00e9cifique? O. Pichot.<\/a><\/p>\n<p><a href=\"https:\/\/new.samev-dz.com\/wp-content\/uploads\/2024\/03\/Conf-15-VARICES-DORIGINE-PELVIENNES.pdf\">Conf 15: Les varices d\u2019origine pelvienne. N. Benmehidi<\/a><\/p>\n<p><a href=\"https:\/\/new.samev-dz.com\/wp-content\/uploads\/2024\/03\/Conf-16-Insuffisance-veineuse-et-grossesse-2023-.pdf\">Conf 16: Insuffisance veineuse et grossesse. N. Feghoul<\/a><\/p>\n<p><a href=\"https:\/\/new.samev-dz.com\/wp-content\/uploads\/2024\/03\/Conf-18-SAMEV-2023.pdf\">Conf 18: Les troubles veineux pelviens y a-t-il une solution? S. Benaroussi<\/a><\/p>\n<p><a href=\"https:\/\/new.samev-dz.com\/wp-content\/uploads\/2024\/03\/Conf-20-CASSE-NOISETTE-PPT-2023.pdf\">Conf 19 : NUTCRACKER Syndrome : A propos d\u2019un cas. M. Bouzidi<\/a><\/p>\n<p><a href=\"https:\/\/new.samev-dz.com\/wp-content\/uploads\/2024\/03\/Conf-19-Nut-Craker-a-presenter.pdf\">Conf 20 : NUTCRACKER Syndrome de la femme. M.N. Bouayad<\/a><\/p>\n<h3>4\u00e8me s\u00e9ance : Diab\u00e8te, ob\u00e9sit\u00e9 et dyslipid\u00e9mie au f\u00e9minin<\/h3>\n<p><a href=\"https:\/\/new.samev-dz.com\/wp-content\/uploads\/2024\/03\/Conf-21-AYAD-Dyslipo-SAMEV.pdf\">Conf 21 : Dyslipid\u00e9mie chez la femme. F. Ayad<\/a><\/p>\n<p><a href=\"https:\/\/new.samev-dz.com\/wp-content\/uploads\/2024\/03\/Conf-21.1-CLFCV.Mehenni.pdf\">CL : Etude des facteurs de risque cardiovasculaire chez les femmes diab\u00e9tiques. O. Mehenni<\/a><\/p>\n<p><a href=\"https:\/\/new.samev-dz.com\/wp-content\/uploads\/2024\/03\/Conf-22-Samev-2023.pdf\"> Conf 22 : Diab\u00e8te gestationnel et d\u00e9pression.\u00a0N. Djili<\/a><\/p>\n<p><a href=\"https:\/\/new.samev-dz.com\/wp-content\/uploads\/2024\/03\/conf-23-Grossesse-et-Diabete-sucre-fin.pdf\">Conf 23 : Particularit\u00e9s du diab\u00e8te chez la femme enceinte et son approche pratique. A. Hellal<\/a><\/p>\n<p><a href=\"https:\/\/new.samev-dz.com\/wp-content\/uploads\/2024\/03\/Symposium-du-Pr-Zekri-Tresiba-Lefficacite-sans-compromis.pdf\"> Symposium Novo Nordisk. S. Zekri<\/a><\/p>\n<h3>5\u00e8me s\u00e9ance : HTA et coronaropathie au f\u00e9minin<\/h3>\n<p><a href=\"https:\/\/new.samev-dz.com\/wp-content\/uploads\/2024\/03\/Conf-24-grossesseSAMEV.pdf\">Conf 24 : Prise en charge de l\u2019HTA en 2023, avant, pendant et apr\u00e8s la grossesse. A. Bachir-Cherif<\/a><\/p>\n<p><a href=\"https:\/\/new.samev-dz.com\/wp-content\/uploads\/2024\/03\/Conf-24.1-Taharboucht-Dipper-negatif.pdf\">CL : Le tour de taille et sa relation avec le caract\u00e8re dipper. S. Taharboucht<\/a><\/p>\n<p><a href=\"https:\/\/new.samev-dz.com\/wp-content\/uploads\/2024\/03\/Conf-24.2-CL-Conference-PE-SAMEV-2023.pdf\">CL : Pr\u00e9-\u00e9clampsie : De sa physiopathologie \u00e0 l\u2019int\u00e9r\u00eat des biomarqueurs PLGF et SFLT1 dans sa prise en charge K. Aksas<\/a><\/p>\n<p><a href=\"https:\/\/new.samev-dz.com\/wp-content\/uploads\/2024\/03\/Conf-24.3-CL-SAMEV-CORO-CT-PR-ARFI.pdf\">CL : Coroscanner chez la femme dans le d\u00e9pistage de la cardiopathie isch\u00e9mique. M.I. Arf<\/a><\/p>\n<p><a href=\"https:\/\/new.samev-dz.com\/wp-content\/uploads\/2024\/03\/Symposium-De-lAIT-a-lAVC-fin.pdf\">Symposium SANOFI : De l\u2019AIT \u00e0 l\u2019AVC, Place des antiagr\u00e9gants plaquettaires selon les derni\u00e8res recommandations. A. Bachir-Cherif<\/a><\/p>\n<h3>6\u00e8me s\u00e9ance : M\u00e9decine interne et femme<\/h3>\n<p><a href=\"https:\/\/new.samev-dz.com\/wp-content\/uploads\/2024\/03\/Conf-25-linterniste-face-aux-acrosyndromes.pdf\"> Conf 25: L\u2019interniste face aux acrosyndromes : mise au point illustr\u00e9e. A. Rahou<\/a><\/p>\n<p><a href=\"https:\/\/new.samev-dz.com\/wp-content\/uploads\/2024\/03\/Conf-251-CL-ERYTHERMALGIE-SEVERE-dr-djebbar.pdf\"> CL : Pseudo\u00e9ph\u00e9drine dans l\u2019\u00e9rythermalgie : A propos d\u2019un cas. M. Brouri<\/a><\/p>\n<p><a href=\"https:\/\/new.samev-dz.com\/wp-content\/uploads\/2024\/03\/Conf-26-DFM-SAMEV-finale.pdf\">Conf 26 : La dysplasie fibromusculaire : Une art\u00e9riopathie particuli\u00e8re. N. Dammene-Debbih<\/a><\/p>\n<p><a href=\"https:\/\/new.samev-dz.com\/wp-content\/uploads\/2024\/03\/Conf-26.1-CL-SAMEV-2023-YAHIAOUI-FINAL-HTPTEC.pdf\"> CL : Nouvelle approche de la prise en charge de l\u2019hypertension thromboembolique chronique. R. Yahiaoui<\/a><\/p>\n<p>&nbsp;<\/p>\n<h2><\/h2>\n","protected":false},"excerpt":{"rendered":"<p>Communications pr\u00e9sent\u00e9es 2023 Jeudi 18 MAI 2023 1\u00e8re s\u00e9ance :  [&#8230;]<\/p>\n","protected":false},"author":1,"featured_media":0,"parent":0,"menu_order":0,"comment_status":"closed","ping_status":"closed","template":"","meta":{"_bbp_topic_count":0,"_bbp_reply_count":0,"_bbp_total_topic_count":0,"_bbp_total_reply_count":0,"_bbp_voice_count":0,"_bbp_anonymous_reply_count":0,"_bbp_topic_count_hidden":0,"_bbp_reply_count_hidden":0,"_bbp_forum_subforum_count":0,"footnotes":""},"class_list":["post-393","page","type-page","status-publish","hentry"],"yoast_head":"<!-- This site is optimized with the Yoast SEO plugin v26.8 - https:\/\/yoast.com\/product\/yoast-seo-wordpress\/ -->\n<title>Communication pr\u00e9sent\u00e9es 12eme congres de la samev - Soci\u00e9t\u00e9 Alg\u00e9rienne de M\u00e9decine Vasculaire<\/title>\n<meta name=\"robots\" content=\"index, follow, max-snippet:-1, max-image-preview:large, max-video-preview:-1\" \/>\n<link rel=\"canonical\" href=\"https:\/\/new.samev-dz.com\/index.php\/communication-presentees-12eme-congres-de-la-samev\/\" \/>\n<meta property=\"og:locale\" content=\"en_US\" \/>\n<meta property=\"og:type\" content=\"article\" \/>\n<meta property=\"og:title\" content=\"Communication pr\u00e9sent\u00e9es 12eme congres de la samev - Soci\u00e9t\u00e9 Alg\u00e9rienne de M\u00e9decine Vasculaire\" \/>\n<meta property=\"og:description\" content=\"Communications pr\u00e9sent\u00e9es 2023 Jeudi 18 MAI 2023 1\u00e8re s\u00e9ance : [...]\" \/>\n<meta property=\"og:url\" content=\"https:\/\/new.samev-dz.com\/index.php\/communication-presentees-12eme-congres-de-la-samev\/\" \/>\n<meta property=\"og:site_name\" content=\"Soci\u00e9t\u00e9 Alg\u00e9rienne de M\u00e9decine Vasculaire\" \/>\n<meta property=\"article:modified_time\" content=\"2024-03-11T14:28:58+00:00\" \/>\n<meta name=\"twitter:card\" content=\"summary_large_image\" \/>\n<meta name=\"twitter:label1\" content=\"Est. reading time\" \/>\n\t<meta name=\"twitter:data1\" content=\"2 minutes\" \/>\n<script type=\"application\/ld+json\" class=\"yoast-schema-graph\">{\"@context\":\"https:\/\/schema.org\",\"@graph\":[{\"@type\":\"WebPage\",\"@id\":\"https:\/\/new.samev-dz.com\/index.php\/communication-presentees-12eme-congres-de-la-samev\/\",\"url\":\"https:\/\/new.samev-dz.com\/index.php\/communication-presentees-12eme-congres-de-la-samev\/\",\"name\":\"Communication pr\u00e9sent\u00e9es 12eme congres de la samev - Soci\u00e9t\u00e9 Alg\u00e9rienne de M\u00e9decine Vasculaire\",\"isPartOf\":{\"@id\":\"https:\/\/new.samev-dz.com\/#website\"},\"datePublished\":\"2024-03-11T14:08:07+00:00\",\"dateModified\":\"2024-03-11T14:28:58+00:00\",\"breadcrumb\":{\"@id\":\"https:\/\/new.samev-dz.com\/index.php\/communication-presentees-12eme-congres-de-la-samev\/#breadcrumb\"},\"inLanguage\":\"en-US\",\"potentialAction\":[{\"@type\":\"ReadAction\",\"target\":[\"https:\/\/new.samev-dz.com\/index.php\/communication-presentees-12eme-congres-de-la-samev\/\"]}]},{\"@type\":\"BreadcrumbList\",\"@id\":\"https:\/\/new.samev-dz.com\/index.php\/communication-presentees-12eme-congres-de-la-samev\/#breadcrumb\",\"itemListElement\":[{\"@type\":\"ListItem\",\"position\":1,\"name\":\"Home\",\"item\":\"https:\/\/new.samev-dz.com\/\"},{\"@type\":\"ListItem\",\"position\":2,\"name\":\"Communication pr\u00e9sent\u00e9es 12eme congres de la samev\"}]},{\"@type\":\"WebSite\",\"@id\":\"https:\/\/new.samev-dz.com\/#website\",\"url\":\"https:\/\/new.samev-dz.com\/\",\"name\":\"Soci\u00e9t\u00e9 Alg\u00e9rienne de M\u00e9decine Vasculaire\",\"description\":\"\",\"potentialAction\":[{\"@type\":\"SearchAction\",\"target\":{\"@type\":\"EntryPoint\",\"urlTemplate\":\"https:\/\/new.samev-dz.com\/?s={search_term_string}\"},\"query-input\":{\"@type\":\"PropertyValueSpecification\",\"valueRequired\":true,\"valueName\":\"search_term_string\"}}],\"inLanguage\":\"en-US\"}]}<\/script>\n<!-- \/ Yoast SEO plugin. -->","yoast_head_json":{"title":"Communication pr\u00e9sent\u00e9es 12eme congres de la samev - Soci\u00e9t\u00e9 Alg\u00e9rienne de M\u00e9decine Vasculaire","robots":{"index":"index","follow":"follow","max-snippet":"max-snippet:-1","max-image-preview":"max-image-preview:large","max-video-preview":"max-video-preview:-1"},"canonical":"https:\/\/new.samev-dz.com\/index.php\/communication-presentees-12eme-congres-de-la-samev\/","og_locale":"en_US","og_type":"article","og_title":"Communication pr\u00e9sent\u00e9es 12eme congres de la samev - Soci\u00e9t\u00e9 Alg\u00e9rienne de M\u00e9decine Vasculaire","og_description":"Communications pr\u00e9sent\u00e9es 2023 Jeudi 18 MAI 2023 1\u00e8re s\u00e9ance : [...]","og_url":"https:\/\/new.samev-dz.com\/index.php\/communication-presentees-12eme-congres-de-la-samev\/","og_site_name":"Soci\u00e9t\u00e9 Alg\u00e9rienne de M\u00e9decine Vasculaire","article_modified_time":"2024-03-11T14:28:58+00:00","twitter_card":"summary_large_image","twitter_misc":{"Est. reading time":"2 minutes"},"schema":{"@context":"https:\/\/schema.org","@graph":[{"@type":"WebPage","@id":"https:\/\/new.samev-dz.com\/index.php\/communication-presentees-12eme-congres-de-la-samev\/","url":"https:\/\/new.samev-dz.com\/index.php\/communication-presentees-12eme-congres-de-la-samev\/","name":"Communication pr\u00e9sent\u00e9es 12eme congres de la samev - Soci\u00e9t\u00e9 Alg\u00e9rienne de M\u00e9decine Vasculaire","isPartOf":{"@id":"https:\/\/new.samev-dz.com\/#website"},"datePublished":"2024-03-11T14:08:07+00:00","dateModified":"2024-03-11T14:28:58+00:00","breadcrumb":{"@id":"https:\/\/new.samev-dz.com\/index.php\/communication-presentees-12eme-congres-de-la-samev\/#breadcrumb"},"inLanguage":"en-US","potentialAction":[{"@type":"ReadAction","target":["https:\/\/new.samev-dz.com\/index.php\/communication-presentees-12eme-congres-de-la-samev\/"]}]},{"@type":"BreadcrumbList","@id":"https:\/\/new.samev-dz.com\/index.php\/communication-presentees-12eme-congres-de-la-samev\/#breadcrumb","itemListElement":[{"@type":"ListItem","position":1,"name":"Home","item":"https:\/\/new.samev-dz.com\/"},{"@type":"ListItem","position":2,"name":"Communication pr\u00e9sent\u00e9es 12eme congres de la samev"}]},{"@type":"WebSite","@id":"https:\/\/new.samev-dz.com\/#website","url":"https:\/\/new.samev-dz.com\/","name":"Soci\u00e9t\u00e9 Alg\u00e9rienne de M\u00e9decine Vasculaire","description":"","potentialAction":[{"@type":"SearchAction","target":{"@type":"EntryPoint","urlTemplate":"https:\/\/new.samev-dz.com\/?s={search_term_string}"},"query-input":{"@type":"PropertyValueSpecification","valueRequired":true,"valueName":"search_term_string"}}],"inLanguage":"en-US"}]}},"_links":{"self":[{"href":"https:\/\/new.samev-dz.com\/index.php\/wp-json\/wp\/v2\/pages\/393","targetHints":{"allow":["GET"]}}],"collection":[{"href":"https:\/\/new.samev-dz.com\/index.php\/wp-json\/wp\/v2\/pages"}],"about":[{"href":"https:\/\/new.samev-dz.com\/index.php\/wp-json\/wp\/v2\/types\/page"}],"author":[{"embeddable":true,"href":"https:\/\/new.samev-dz.com\/index.php\/wp-json\/wp\/v2\/users\/1"}],"replies":[{"embeddable":true,"href":"https:\/\/new.samev-dz.com\/index.php\/wp-json\/wp\/v2\/comments?post=393"}],"version-history":[{"count":3,"href":"https:\/\/new.samev-dz.com\/index.php\/wp-json\/wp\/v2\/pages\/393\/revisions"}],"predecessor-version":[{"id":437,"href":"https:\/\/new.samev-dz.com\/index.php\/wp-json\/wp\/v2\/pages\/393\/revisions\/437"}],"wp:attachment":[{"href":"https:\/\/new.samev-dz.com\/index.php\/wp-json\/wp\/v2\/media?parent=393"}],"curies":[{"name":"wp","href":"https:\/\/api.w.org\/{rel}","templated":true}]}}