{"id":406,"date":"2024-03-10T14:56:26","date_gmt":"2024-03-10T14:56:26","guid":{"rendered":"https:\/\/new.samev-dz.com\/?page_id=406"},"modified":"2024-03-10T14:58:16","modified_gmt":"2024-03-10T14:58:16","slug":"archives2022","status":"publish","type":"page","link":"https:\/\/new.samev-dz.com\/index.php\/archives2022\/","title":{"rendered":"8\u00e8mes RENCONTRES NATIONALES DE FORMATION DE M\u00c9DECINE VASCULAIRE"},"content":{"rendered":"<h1><\/h1>\n<p>&nbsp;<\/p>\n<h1 style=\"text-align: center;\"><span style=\"color: #993300;\"><b><span style=\"font-size: large;\">1\u00e8re s\u00e9ance :<br \/>\n\u00ab La Maladie Veineuse Chronique (MVC)\u00a0du\u00a0diagnostic au traitement\u00bb<\/span><\/b><\/span><\/h1>\n<p>&nbsp;<\/p>\n<div><strong>\u00a0<\/strong><\/div>\n<p>&nbsp;<\/p>\n<div><\/div>\n<p>&nbsp;<\/p>\n<div>\n<p><span style=\"font-size: medium;\"><a href=\"https:\/\/eventssamevdz@events.samev-dz.com\/sites\/default\/files\/communication_samev_02-12-2021\/02-12-2021\/1_ERE_SEANCE\/1-A.HATRI\/anatomie2021.pdf\">C1 &#8211; Rappel anatomique et physiologique.<\/a> <\/span><i><span style=\"color: #0000ff;\"><span style=\"font-size: medium;\">A. Hatri<\/span><\/span><\/i><\/p>\n<p>&nbsp;<\/p>\n<\/div>\n<p>&nbsp;<\/p>\n<div><strong>\u00a0<\/strong><\/div>\n<p>&nbsp;<\/p>\n<div><\/div>\n<p>&nbsp;<\/p>\n<div>\n<p><span style=\"font-size: medium;\"><a href=\"https:\/\/eventssamevdz@events.samev-dz.com\/sites\/default\/files\/communication_samev_02-12-2021\/02-12-2021\/1_ERE_SEANCE\/2-%20C.%20OUARAB\/OK%20OUARAB%20%20COMMUNICATION%208%C2%B0%20J.%20SAMEV%20.%20DEC.%202021%20-%20Copie.pdf\">C2 &#8211; Diagnostic clinique : classification CEAP.<\/a> <\/span><i><span style=\"color: #0000ff;\"><span style=\"font-size: medium;\">C. Ouarab<\/span><\/span><\/i><\/p>\n<p>&nbsp;<\/p>\n<\/div>\n<p>&nbsp;<\/p>\n<div><strong>\u00a0<\/strong><\/div>\n<p>&nbsp;<\/p>\n<div><\/div>\n<p>&nbsp;<\/p>\n<div><span style=\"font-size: medium;\"><a href=\"https:\/\/eventssamevdz@events.samev-dz.com\/sites\/default\/files\/communication_samev_02-12-2021\/02-12-2021\/1_ERE_SEANCE\/3-%20N.%20BEN%20MEHIDI\/communication%20JFC%202021.pdf\">C3 &#8211; Place de l\u2019\u00e9cho-doppler dans le diagnostic des MVC :\u00a0echo-anatomie.<\/a>\u00a0<\/span><i><span style=\"color: #0000ff;\"><span style=\"font-size: medium;\">N. Benmehidi<\/span><\/span><\/i><\/div>\n<p>&nbsp;<\/p>\n<div><strong>\u00a0<\/strong><\/div>\n<p>&nbsp;<\/p>\n<div><\/div>\n<p>&nbsp;<\/p>\n<div><span style=\"color: #808080;\"><span style=\"font-size: medium;\">\u00a0<\/span><\/span><\/div>\n<p>&nbsp;<\/p>\n<div><strong><b><span style=\"font-weight: bold; font-size: medium;\"><a href=\"https:\/\/eventssamevdz@events.samev-dz.com\/sites\/default\/files\/communication_samev_02-12-2021\/02-12-2021\/1_ERE_SEANCE\/4-%20BABA%20AHMED\/FMC%20SAMEV%202021.pdf\">C4 &#8211; Les bases th\u00e9rapeutiques des MVC.<\/a> <\/span><i style=\"font-weight: bold;\"><span style=\"color: #0000ff;\"><span style=\"font-size: medium;\">M. Baba Ahmed<br \/>\n<\/span><\/span><\/i><\/b><\/strong><\/div>\n<hr \/>\n<div>\n<p>&nbsp;<\/p>\n<h4 style=\"text-align: center;\"><span style=\"color: #993300;\"><strong><b>2\u00e9me s\u00e9ance :<br \/>\n\u00ab La Maladie thromboembolique Veineuse du\u00a0diagnostic au traitement\u00bb<\/b><\/strong><\/span><\/h4>\n<p>&nbsp;<\/p>\n<div><span style=\"color: #666699;\"><strong>\u00a0<\/strong><\/span><\/div>\n<p>&nbsp;<\/p>\n<div><\/div>\n<p>&nbsp;<\/p>\n<div><span style=\"font-size: medium;\"><a href=\"https:\/\/eventssamevdz@events.samev-dz.com\/sites\/default\/files\/communication_samev_02-12-2021\/02-12-2021\/2%20EME%20SEANCE\/1-%20N.%20LANASRI\/Strat%C3%A9gies%20diagnostiques%20de%20la%20mtev.pdf\">C5 &#8211; D\u00e9marche diagnostique devant maladie thrombo-embolique\u00a0<\/a><\/span><b style=\"font-size: medium;\"><a href=\"https:\/\/eventssamevdz@events.samev-dz.com\/sites\/default\/files\/communication_samev_02-12-2021\/02-12-2021\/2%20EME%20SEANCE\/1-%20N.%20LANASRI\/Strat%C3%A9gies%20diagnostiques%20de%20la%20mtev.pdf\">veineuse.<\/a> <\/b><i><span style=\"color: #0000ff;\"><b style=\"font-size: medium;\">N. Lanasri<\/b><\/span><\/i><\/div>\n<p>&nbsp;<\/p>\n<div><\/div>\n<p>&nbsp;<\/p>\n<div><b><span style=\"font-size: medium;\">\u00a0<\/span><\/b><\/div>\n<p>&nbsp;<\/p>\n<div><strong>\u00a0<\/strong><\/div>\n<p>&nbsp;<\/p>\n<div><\/div>\n<p>&nbsp;<\/p>\n<div><span style=\"font-size: medium;\">C6 &#8211; Diagnostic \u00e9chodoppler des TVP des membres inf\u00e9rieurs.\u00a0<\/span><i><span style=\"color: #0000ff;\"><b style=\"font-size: medium;\">M. Baba- Ahmed<\/b><\/span><\/i><\/div>\n<p>&nbsp;<\/p>\n<div><\/div>\n<p>&nbsp;<\/p>\n<div><b><span style=\"font-size: medium;\">\u00a0<\/span><\/b><\/div>\n<p>&nbsp;<\/p>\n<div><strong>\u00a0<\/strong><\/div>\n<p>&nbsp;<\/p>\n<div><\/div>\n<p>&nbsp;<\/p>\n<div>\n<p><span style=\"font-size: medium;\"><a href=\"https:\/\/eventssamevdz@events.samev-dz.com\/sites\/default\/files\/communication_samev_02-12-2021\/03-12-2021\/SYMPOSIUM%20THROMBOPROPHYLAXIE.pdf\">-Symposium Frater-Razes : Faisons-nous assez pour prot\u00e9ger\u00a0<\/a><\/span><b style=\"font-size: medium;\"><a href=\"https:\/\/eventssamevdz@events.samev-dz.com\/sites\/default\/files\/communication_samev_02-12-2021\/03-12-2021\/SYMPOSIUM%20THROMBOPROPHYLAXIE.pdf\">nos patients de la MTEV ?<\/a> <\/b><i><span style=\"color: #0000ff;\"><b style=\"font-size: medium;\">S. Zekri<\/b><\/span><\/i><\/p>\n<p>&nbsp;<\/p>\n<\/div>\n<hr \/>\n<div><\/div>\n<p>&nbsp;<\/p>\n<div>\n<p>&nbsp;<\/p>\n<h1 style=\"text-align: center;\"><span style=\"color: #993300;\"><span style=\"font-size: larger;\"><span style=\"font-size: large;\">3\u00e8me s\u00e9ance :<br \/>\n\u00ab Actualit\u00e9s th\u00e9rapeutiques en m\u00e9decine\u00a0vasculaire \u00bb<\/span><\/span><\/span><\/h1>\n<p>&nbsp;<\/p>\n<h1><\/h1>\n<p>&nbsp;<\/p>\n<div><\/div>\n<p>&nbsp;<\/p>\n<div><a href=\"https:\/\/eventssamevdz@events.samev-dz.com\/sites\/default\/files\/communication_samev_02-12-2021\/03-12-2021\/3%20eme%20seance\/maamar\/Les%20AOD%20en%20m%C3%A9decine%20vasculaire.pdf\">C7 &#8211; Les AOD en m\u00e9decine vasculaire, quoi de neuf ?<\/a>\u00a0<i><span style=\"color: #0000ff;\">S. Maammar H\u00f4pital de Sidi Bel Abbes<br \/>\n<\/span><\/i><span style=\"color: #0000ff;\"><br \/>\n<\/span><\/div>\n<p>&nbsp;<\/p>\n<div><strong style=\"font-size: medium;\"><b><a href=\"https:\/\/eventssamevdz@events.samev-dz.com\/sites\/default\/files\/communication_samev_02-12-2021\/03-12-2021\/3%20eme%20seance\/8-ammi\/MTEV%202021.pdf\">C8 &#8211; Comment traiter une MTEV en 2021 ?<\/a> <span style=\"color: #0000ff;\">Dr M. Ammi\u00a0<\/span><\/b><\/strong><\/div>\n<hr \/>\n<div><strong style=\"font-size: medium;\"><b><span style=\"color: #0000ff;\">\u00a0<\/span><\/b><\/strong><\/div>\n<h3 style=\"text-align: center;\"><\/h3>\n<p>&nbsp;<\/p>\n<h3 style=\"text-align: center;\"><strong><b style=\"color: #993300; text-align: center;\">4\u00e8me s\u00e9ance :<\/b><\/strong><\/h3>\n<p>&nbsp;<\/p>\n<h3 style=\"text-align: center;\"><\/h3>\n<p>&nbsp;<\/p>\n<div>\n<h3 style=\"text-align: center;\"><strong><span style=\"font-size: large;\"><span style=\"color: #993300;\"> \u00ab Session COVID-19 \u00bb<\/span><\/span><\/strong><\/h3>\n<h4><b><span style=\"color: #000000;\"><a href=\"https:\/\/eventssamevdz@events.samev-dz.com\/sites\/default\/files\/communication_samev_02-12-2021\/03-12-2021\/4%20eme%20seance\/Brouri\/COVID-%20FR%20vasc%20dec%2021.pdf\"><span style=\"font-size: 19.2px;\">C9 &#8211; La COVID\u201319 est un facteur de risque vasculaire\u00a0<\/span><span style=\"font-size: medium;\">ind\u00e9pendant et important.<\/span><\/a><span style=\"font-size: medium;\">\u00a0<\/span><\/span><\/b><span style=\"font-size: medium;\"> \u00a0M.Brouri<\/span><\/h4>\n<p>&nbsp;<\/p>\n<h4><b><span style=\"font-size: medium;\"><a href=\"https:\/\/eventssamevdz@events.samev-dz.com\/sites\/default\/files\/communication_samev_02-12-2021\/03-12-2021\/4%20eme%20seance\/Question%20reponse\/Hatri\/Pr%C3%A9sentation%20covid%2019%20-final%201.pdf\">C10 : COVID 19 : Questions \u2013 R\u00e9ponses<br \/>\n&#8211; COVID et thrombose<br \/>\n&#8211; COVID long<br \/>\n&#8211; COVID et vaccination<\/a><\/span><\/b><\/h4>\n<div style=\"font-size: medium;\">\n<p>&nbsp;<\/p>\n<p>&nbsp;<\/p>\n<\/div>\n<\/div>\n<\/div>\n<\/div>\n","protected":false},"excerpt":{"rendered":"<p>&nbsp; 1\u00e8re s\u00e9ance : \u00ab La Maladie Veineuse Chronique (MVC)\u00a0du\u00a0diagnostic  [&#8230;]<\/p>\n","protected":false},"author":1,"featured_media":0,"parent":0,"menu_order":0,"comment_status":"closed","ping_status":"closed","template":"","meta":{"_bbp_topic_count":0,"_bbp_reply_count":0,"_bbp_total_topic_count":0,"_bbp_total_reply_count":0,"_bbp_voice_count":0,"_bbp_anonymous_reply_count":0,"_bbp_topic_count_hidden":0,"_bbp_reply_count_hidden":0,"_bbp_forum_subforum_count":0,"footnotes":""},"class_list":["post-406","page","type-page","status-publish","hentry"],"yoast_head":"<!-- This site is optimized with the Yoast SEO plugin v26.8 - https:\/\/yoast.com\/product\/yoast-seo-wordpress\/ -->\n<title>8\u00e8mes RENCONTRES NATIONALES DE FORMATION DE M\u00c9DECINE VASCULAIRE - Soci\u00e9t\u00e9 Alg\u00e9rienne de M\u00e9decine Vasculaire<\/title>\n<meta name=\"robots\" content=\"index, follow, max-snippet:-1, max-image-preview:large, max-video-preview:-1\" \/>\n<link rel=\"canonical\" href=\"https:\/\/new.samev-dz.com\/index.php\/archives2022\/\" \/>\n<meta property=\"og:locale\" content=\"en_US\" \/>\n<meta property=\"og:type\" content=\"article\" \/>\n<meta property=\"og:title\" content=\"8\u00e8mes RENCONTRES NATIONALES DE FORMATION DE M\u00c9DECINE VASCULAIRE - Soci\u00e9t\u00e9 Alg\u00e9rienne de M\u00e9decine Vasculaire\" \/>\n<meta property=\"og:description\" content=\"&nbsp; 1\u00e8re s\u00e9ance : \u00ab La Maladie Veineuse Chronique (MVC)\u00a0du\u00a0diagnostic [...]\" \/>\n<meta property=\"og:url\" content=\"https:\/\/new.samev-dz.com\/index.php\/archives2022\/\" \/>\n<meta property=\"og:site_name\" content=\"Soci\u00e9t\u00e9 Alg\u00e9rienne de M\u00e9decine Vasculaire\" \/>\n<meta property=\"article:modified_time\" content=\"2024-03-10T14:58:16+00:00\" \/>\n<meta name=\"twitter:card\" content=\"summary_large_image\" \/>\n<meta name=\"twitter:label1\" content=\"Est. reading time\" \/>\n\t<meta name=\"twitter:data1\" content=\"1 minute\" \/>\n<script type=\"application\/ld+json\" class=\"yoast-schema-graph\">{\"@context\":\"https:\/\/schema.org\",\"@graph\":[{\"@type\":\"WebPage\",\"@id\":\"https:\/\/new.samev-dz.com\/index.php\/archives2022\/\",\"url\":\"https:\/\/new.samev-dz.com\/index.php\/archives2022\/\",\"name\":\"8\u00e8mes RENCONTRES NATIONALES DE FORMATION DE M\u00c9DECINE VASCULAIRE - Soci\u00e9t\u00e9 Alg\u00e9rienne de M\u00e9decine Vasculaire\",\"isPartOf\":{\"@id\":\"https:\/\/new.samev-dz.com\/#website\"},\"datePublished\":\"2024-03-10T14:56:26+00:00\",\"dateModified\":\"2024-03-10T14:58:16+00:00\",\"breadcrumb\":{\"@id\":\"https:\/\/new.samev-dz.com\/index.php\/archives2022\/#breadcrumb\"},\"inLanguage\":\"en-US\",\"potentialAction\":[{\"@type\":\"ReadAction\",\"target\":[\"https:\/\/new.samev-dz.com\/index.php\/archives2022\/\"]}]},{\"@type\":\"BreadcrumbList\",\"@id\":\"https:\/\/new.samev-dz.com\/index.php\/archives2022\/#breadcrumb\",\"itemListElement\":[{\"@type\":\"ListItem\",\"position\":1,\"name\":\"Home\",\"item\":\"https:\/\/new.samev-dz.com\/\"},{\"@type\":\"ListItem\",\"position\":2,\"name\":\"8\u00e8mes RENCONTRES NATIONALES DE FORMATION DE M\u00c9DECINE VASCULAIRE\"}]},{\"@type\":\"WebSite\",\"@id\":\"https:\/\/new.samev-dz.com\/#website\",\"url\":\"https:\/\/new.samev-dz.com\/\",\"name\":\"Soci\u00e9t\u00e9 Alg\u00e9rienne de M\u00e9decine Vasculaire\",\"description\":\"\",\"potentialAction\":[{\"@type\":\"SearchAction\",\"target\":{\"@type\":\"EntryPoint\",\"urlTemplate\":\"https:\/\/new.samev-dz.com\/?s={search_term_string}\"},\"query-input\":{\"@type\":\"PropertyValueSpecification\",\"valueRequired\":true,\"valueName\":\"search_term_string\"}}],\"inLanguage\":\"en-US\"}]}<\/script>\n<!-- \/ Yoast SEO plugin. -->","yoast_head_json":{"title":"8\u00e8mes RENCONTRES NATIONALES DE FORMATION DE M\u00c9DECINE VASCULAIRE - Soci\u00e9t\u00e9 Alg\u00e9rienne de M\u00e9decine Vasculaire","robots":{"index":"index","follow":"follow","max-snippet":"max-snippet:-1","max-image-preview":"max-image-preview:large","max-video-preview":"max-video-preview:-1"},"canonical":"https:\/\/new.samev-dz.com\/index.php\/archives2022\/","og_locale":"en_US","og_type":"article","og_title":"8\u00e8mes RENCONTRES NATIONALES DE FORMATION DE M\u00c9DECINE VASCULAIRE - Soci\u00e9t\u00e9 Alg\u00e9rienne de M\u00e9decine Vasculaire","og_description":"&nbsp; 1\u00e8re s\u00e9ance : \u00ab La Maladie Veineuse Chronique (MVC)\u00a0du\u00a0diagnostic [...]","og_url":"https:\/\/new.samev-dz.com\/index.php\/archives2022\/","og_site_name":"Soci\u00e9t\u00e9 Alg\u00e9rienne de M\u00e9decine Vasculaire","article_modified_time":"2024-03-10T14:58:16+00:00","twitter_card":"summary_large_image","twitter_misc":{"Est. reading time":"1 minute"},"schema":{"@context":"https:\/\/schema.org","@graph":[{"@type":"WebPage","@id":"https:\/\/new.samev-dz.com\/index.php\/archives2022\/","url":"https:\/\/new.samev-dz.com\/index.php\/archives2022\/","name":"8\u00e8mes RENCONTRES NATIONALES DE FORMATION DE M\u00c9DECINE VASCULAIRE - Soci\u00e9t\u00e9 Alg\u00e9rienne de M\u00e9decine Vasculaire","isPartOf":{"@id":"https:\/\/new.samev-dz.com\/#website"},"datePublished":"2024-03-10T14:56:26+00:00","dateModified":"2024-03-10T14:58:16+00:00","breadcrumb":{"@id":"https:\/\/new.samev-dz.com\/index.php\/archives2022\/#breadcrumb"},"inLanguage":"en-US","potentialAction":[{"@type":"ReadAction","target":["https:\/\/new.samev-dz.com\/index.php\/archives2022\/"]}]},{"@type":"BreadcrumbList","@id":"https:\/\/new.samev-dz.com\/index.php\/archives2022\/#breadcrumb","itemListElement":[{"@type":"ListItem","position":1,"name":"Home","item":"https:\/\/new.samev-dz.com\/"},{"@type":"ListItem","position":2,"name":"8\u00e8mes RENCONTRES NATIONALES DE FORMATION DE M\u00c9DECINE VASCULAIRE"}]},{"@type":"WebSite","@id":"https:\/\/new.samev-dz.com\/#website","url":"https:\/\/new.samev-dz.com\/","name":"Soci\u00e9t\u00e9 Alg\u00e9rienne de M\u00e9decine Vasculaire","description":"","potentialAction":[{"@type":"SearchAction","target":{"@type":"EntryPoint","urlTemplate":"https:\/\/new.samev-dz.com\/?s={search_term_string}"},"query-input":{"@type":"PropertyValueSpecification","valueRequired":true,"valueName":"search_term_string"}}],"inLanguage":"en-US"}]}},"_links":{"self":[{"href":"https:\/\/new.samev-dz.com\/index.php\/wp-json\/wp\/v2\/pages\/406","targetHints":{"allow":["GET"]}}],"collection":[{"href":"https:\/\/new.samev-dz.com\/index.php\/wp-json\/wp\/v2\/pages"}],"about":[{"href":"https:\/\/new.samev-dz.com\/index.php\/wp-json\/wp\/v2\/types\/page"}],"author":[{"embeddable":true,"href":"https:\/\/new.samev-dz.com\/index.php\/wp-json\/wp\/v2\/users\/1"}],"replies":[{"embeddable":true,"href":"https:\/\/new.samev-dz.com\/index.php\/wp-json\/wp\/v2\/comments?post=406"}],"version-history":[{"count":4,"href":"https:\/\/new.samev-dz.com\/index.php\/wp-json\/wp\/v2\/pages\/406\/revisions"}],"predecessor-version":[{"id":410,"href":"https:\/\/new.samev-dz.com\/index.php\/wp-json\/wp\/v2\/pages\/406\/revisions\/410"}],"wp:attachment":[{"href":"https:\/\/new.samev-dz.com\/index.php\/wp-json\/wp\/v2\/media?parent=406"}],"curies":[{"name":"wp","href":"https:\/\/api.w.org\/{rel}","templated":true}]}}