{"id":470,"date":"2024-03-13T18:57:50","date_gmt":"2024-03-13T18:57:50","guid":{"rendered":"https:\/\/new.samev-dz.com\/?page_id=470"},"modified":"2024-03-13T18:59:03","modified_gmt":"2024-03-13T18:59:03","slug":"adhesion","status":"publish","type":"page","link":"https:\/\/new.samev-dz.com\/index.php\/adhesion\/","title":{"rendered":"Adh\u00e9sion"},"content":{"rendered":"<div class=\"fusion-fullwidth fullwidth-box fusion-builder-row-1 fusion-flex-container nonhundred-percent-fullwidth non-hundred-percent-height-scrolling\" style=\"--awb-border-radius-top-left:0px;--awb-border-radius-top-right:0px;--awb-border-radius-bottom-right:0px;--awb-border-radius-bottom-left:0px;--awb-flex-wrap:wrap;\" ><div class=\"fusion-builder-row fusion-row fusion-flex-align-items-flex-start fusion-flex-content-wrap\" style=\"max-width:1456px;margin-left: calc(-4% \/ 2 );margin-right: calc(-4% \/ 2 );\"><div class=\"fusion-layout-column fusion_builder_column fusion-builder-column-0 fusion_builder_column_1_1 1_1 fusion-flex-column\" style=\"--awb-bg-size:cover;--awb-width-large:100%;--awb-margin-top-large:0px;--awb-spacing-right-large:1.92%;--awb-margin-bottom-large:20px;--awb-spacing-left-large:1.92%;--awb-width-medium:100%;--awb-order-medium:0;--awb-spacing-right-medium:1.92%;--awb-spacing-left-medium:1.92%;--awb-width-small:100%;--awb-order-small:0;--awb-spacing-right-small:1.92%;--awb-spacing-left-small:1.92%;\"><div class=\"fusion-column-wrapper fusion-column-has-shadow fusion-flex-justify-content-flex-start fusion-content-layout-column\"><div class=\"fusion-text fusion-text-1\"><p style=\"text-align: center; color: rgb(0, 0, 0); font-size: 32px;\" data-fusion-font=\"true\"><b>Formularie d&#8217;adh\u00e9sion<\/b><\/p>\n<\/div><div class=\"forminator-ui forminator-custom-form forminator-custom-form-468 forminator-design--material  forminator_ajax\" data-forminator-render=\"0\" data-form=\"forminator-module-468\" data-uid=\"69ff27316c70a\"><br\/><\/div><form\n\t\t\t\tid=\"forminator-module-468\"\n\t\t\t\tclass=\"forminator-ui forminator-custom-form forminator-custom-form-468 forminator-design--material  forminator_ajax\"\n\t\t\t\tmethod=\"post\"\n\t\t\t\tdata-forminator-render=\"0\"\n\t\t\t\tdata-form-id=\"468\"\n\t\t\t\t data-color-option=\"default\" data-design=\"material\" data-grid=\"open\" style=\"display: none;\"\n\t\t\t\tdata-uid=\"69ff27316c70a\"\n\t\t\t><div role=\"alert\" aria-live=\"polite\" class=\"forminator-response-message forminator-error\" aria-hidden=\"true\"><\/div><div class=\"forminator-row\"><div id=\"name-1\" class=\"forminator-field-name forminator-col forminator-col-12 \"><div class=\"forminator-field\"><label for=\"forminator-field-name-1_69ff27316c70a\" id=\"forminator-field-name-1_69ff27316c70a-label\" class=\"forminator-label\">Name et pr\u00e9nom <span class=\"forminator-required\">*<\/span><\/label><input type=\"text\" name=\"name-1\" value=\"\" placeholder=\"\" id=\"forminator-field-name-1_69ff27316c70a\" class=\"forminator-input forminator-name--field\" aria-required=\"true\" autocomplete=\"name\" \/><\/div><\/div><\/div><div class=\"forminator-row\"><div id=\"email-1\" class=\"forminator-field-email forminator-col forminator-col-12 \"><div class=\"forminator-field\"><label for=\"forminator-field-email-1_69ff27316c70a\" id=\"forminator-field-email-1_69ff27316c70a-label\" class=\"forminator-label\">Email <span class=\"forminator-required\">*<\/span><\/label><input type=\"email\" name=\"email-1\" value=\"\" placeholder=\"\" id=\"forminator-field-email-1_69ff27316c70a\" class=\"forminator-input forminator-email--field\" data-required=\"1\" aria-required=\"true\" autocomplete=\"email\" \/><\/div><\/div><\/div><div class=\"forminator-row\"><div id=\"phone-1\" class=\"forminator-field-phone forminator-col forminator-col-12 \"><div class=\"forminator-field\"><label for=\"forminator-field-phone-1_69ff27316c70a\" id=\"forminator-field-phone-1_69ff27316c70a-label\" class=\"forminator-label\">T\u00e9l\u00e9phone<\/label><input type=\"text\" name=\"phone-1\" value=\"\" placeholder=\"\" id=\"forminator-field-phone-1_69ff27316c70a\" class=\"forminator-input forminator-field--phone\" data-required=\"\" aria-required=\"false\" autocomplete=\"off\" \/><\/div><\/div><\/div><div class=\"forminator-row\"><div id=\"address-1\" class=\"forminator-field-address forminator-col forminator-col-12 \"><div class=\"forminator-row\"><div id=\"address-1-street_address\" class=\"forminator-col\"><div class=\"forminator-field\"><label for=\"forminator-field-address-1-street_address_69ff27316c70a\" id=\"forminator-field-address-1-street_address_69ff27316c70a-label\" class=\"forminator-label\">Adresse <span class=\"forminator-required\">*<\/span><\/label><input type=\"text\" name=\"address-1-street_address\" placeholder=\"\" id=\"forminator-field-address-1-street_address_69ff27316c70a\" class=\"forminator-input\" data-required=\"1\" aria-required=\"true\" autocomplete=\"address-line1\" value=\"\" \/><\/div><\/div><\/div><\/div><\/div><div class=\"forminator-row\"><div id=\"text-1\" class=\"forminator-field-text forminator-col forminator-col-12 \"><div class=\"forminator-field\"><label for=\"forminator-field-text-1_69ff27316c70a\" id=\"forminator-field-text-1_69ff27316c70a-label\" class=\"forminator-label\">Sp\u00e9cialit\u00e9 <span class=\"forminator-required\">*<\/span><\/label><input type=\"text\" name=\"text-1\" value=\"\" placeholder=\"\" id=\"forminator-field-text-1_69ff27316c70a\" class=\"forminator-input forminator-name--field\" data-required=\"1\" \/><\/div><\/div><\/div><div class=\"forminator-row\"><div id=\"text-2\" class=\"forminator-field-text forminator-col forminator-col-12 \"><div class=\"forminator-field\"><label for=\"forminator-field-text-2_69ff27316c70a\" id=\"forminator-field-text-2_69ff27316c70a-label\" class=\"forminator-label\">Grade <span class=\"forminator-required\">*<\/span><\/label><input type=\"text\" name=\"text-2\" value=\"\" placeholder=\"\" id=\"forminator-field-text-2_69ff27316c70a\" class=\"forminator-input forminator-name--field\" data-required=\"1\" \/><\/div><\/div><\/div><div class=\"forminator-row\"><div id=\"textarea-1\" class=\"forminator-field-textarea forminator-col forminator-col-12 \"><div class=\"forminator-field\"><label for=\"forminator-field-textarea-1_69ff27316c70a\" id=\"forminator-field-textarea-1_69ff27316c70a-label\" class=\"forminator-label\">Message <span class=\"forminator-required\">*<\/span><\/label><textarea name=\"textarea-1\" placeholder=\"\" id=\"forminator-field-textarea-1_69ff27316c70a\" class=\"forminator-textarea\" rows=\"6\" style=\"min-height:140px;\" ><\/textarea><\/div><\/div><\/div><input type=\"hidden\" name=\"referer_url\" value=\"\" \/><div class=\"forminator-row forminator-row-last\"><div class=\"forminator-col\"><div class=\"forminator-field\"><button class=\"forminator-button forminator-button-submit\"><span>Send Message<\/span><span aria-hidden=\"true\"><\/span><\/button><\/div><\/div><\/div><input type=\"hidden\" id=\"forminator_nonce\" name=\"forminator_nonce\" value=\"0c517305f7\" \/><input type=\"hidden\" name=\"_wp_http_referer\" value=\"\/index.php\/wp-json\/wp\/v2\/pages\/470\" \/><input type=\"hidden\" name=\"form_id\" value=\"468\"><input type=\"hidden\" name=\"page_id\" value=\"470\"><input type=\"hidden\" name=\"form_type\" value=\"default\"><input type=\"hidden\" name=\"current_url\" value=\"https:\/\/new.samev-dz.com\/index.php\/adhesion\/\"><input type=\"hidden\" name=\"render_id\" value=\"0\"><input type=\"hidden\" name=\"action\" value=\"forminator_submit_form_custom-forms\"><\/form><\/div><\/div><\/div><\/div>\n","protected":false},"excerpt":{"rendered":"","protected":false},"author":1,"featured_media":0,"parent":0,"menu_order":0,"comment_status":"closed","ping_status":"closed","template":"","meta":{"_bbp_topic_count":0,"_bbp_reply_count":0,"_bbp_total_topic_count":0,"_bbp_total_reply_count":0,"_bbp_voice_count":0,"_bbp_anonymous_reply_count":0,"_bbp_topic_count_hidden":0,"_bbp_reply_count_hidden":0,"_bbp_forum_subforum_count":0,"footnotes":""},"class_list":["post-470","page","type-page","status-publish","hentry"],"yoast_head":"<!-- This site is optimized with the Yoast SEO plugin v26.8 - https:\/\/yoast.com\/product\/yoast-seo-wordpress\/ -->\n<title>Adh\u00e9sion - Soci\u00e9t\u00e9 Alg\u00e9rienne de M\u00e9decine Vasculaire<\/title>\n<meta name=\"robots\" content=\"index, follow, max-snippet:-1, max-image-preview:large, max-video-preview:-1\" \/>\n<link rel=\"canonical\" href=\"https:\/\/new.samev-dz.com\/index.php\/adhesion\/\" \/>\n<meta property=\"og:locale\" content=\"en_US\" \/>\n<meta property=\"og:type\" content=\"article\" \/>\n<meta property=\"og:title\" content=\"Adh\u00e9sion - Soci\u00e9t\u00e9 Alg\u00e9rienne de M\u00e9decine Vasculaire\" \/>\n<meta property=\"og:url\" content=\"https:\/\/new.samev-dz.com\/index.php\/adhesion\/\" \/>\n<meta property=\"og:site_name\" content=\"Soci\u00e9t\u00e9 Alg\u00e9rienne de M\u00e9decine Vasculaire\" \/>\n<meta property=\"article:modified_time\" content=\"2024-03-13T18:59:03+00:00\" \/>\n<meta name=\"twitter:card\" content=\"summary_large_image\" \/>\n<script type=\"application\/ld+json\" class=\"yoast-schema-graph\">{\"@context\":\"https:\/\/schema.org\",\"@graph\":[{\"@type\":\"WebPage\",\"@id\":\"https:\/\/new.samev-dz.com\/index.php\/adhesion\/\",\"url\":\"https:\/\/new.samev-dz.com\/index.php\/adhesion\/\",\"name\":\"Adh\u00e9sion - Soci\u00e9t\u00e9 Alg\u00e9rienne de M\u00e9decine Vasculaire\",\"isPartOf\":{\"@id\":\"https:\/\/new.samev-dz.com\/#website\"},\"datePublished\":\"2024-03-13T18:57:50+00:00\",\"dateModified\":\"2024-03-13T18:59:03+00:00\",\"breadcrumb\":{\"@id\":\"https:\/\/new.samev-dz.com\/index.php\/adhesion\/#breadcrumb\"},\"inLanguage\":\"en-US\",\"potentialAction\":[{\"@type\":\"ReadAction\",\"target\":[\"https:\/\/new.samev-dz.com\/index.php\/adhesion\/\"]}]},{\"@type\":\"BreadcrumbList\",\"@id\":\"https:\/\/new.samev-dz.com\/index.php\/adhesion\/#breadcrumb\",\"itemListElement\":[{\"@type\":\"ListItem\",\"position\":1,\"name\":\"Home\",\"item\":\"https:\/\/new.samev-dz.com\/\"},{\"@type\":\"ListItem\",\"position\":2,\"name\":\"Adh\u00e9sion\"}]},{\"@type\":\"WebSite\",\"@id\":\"https:\/\/new.samev-dz.com\/#website\",\"url\":\"https:\/\/new.samev-dz.com\/\",\"name\":\"Soci\u00e9t\u00e9 Alg\u00e9rienne de M\u00e9decine Vasculaire\",\"description\":\"\",\"potentialAction\":[{\"@type\":\"SearchAction\",\"target\":{\"@type\":\"EntryPoint\",\"urlTemplate\":\"https:\/\/new.samev-dz.com\/?s={search_term_string}\"},\"query-input\":{\"@type\":\"PropertyValueSpecification\",\"valueRequired\":true,\"valueName\":\"search_term_string\"}}],\"inLanguage\":\"en-US\"}]}<\/script>\n<!-- \/ Yoast SEO plugin. -->","yoast_head_json":{"title":"Adh\u00e9sion - Soci\u00e9t\u00e9 Alg\u00e9rienne de M\u00e9decine Vasculaire","robots":{"index":"index","follow":"follow","max-snippet":"max-snippet:-1","max-image-preview":"max-image-preview:large","max-video-preview":"max-video-preview:-1"},"canonical":"https:\/\/new.samev-dz.com\/index.php\/adhesion\/","og_locale":"en_US","og_type":"article","og_title":"Adh\u00e9sion - Soci\u00e9t\u00e9 Alg\u00e9rienne de M\u00e9decine Vasculaire","og_url":"https:\/\/new.samev-dz.com\/index.php\/adhesion\/","og_site_name":"Soci\u00e9t\u00e9 Alg\u00e9rienne de M\u00e9decine Vasculaire","article_modified_time":"2024-03-13T18:59:03+00:00","twitter_card":"summary_large_image","schema":{"@context":"https:\/\/schema.org","@graph":[{"@type":"WebPage","@id":"https:\/\/new.samev-dz.com\/index.php\/adhesion\/","url":"https:\/\/new.samev-dz.com\/index.php\/adhesion\/","name":"Adh\u00e9sion - Soci\u00e9t\u00e9 Alg\u00e9rienne de M\u00e9decine Vasculaire","isPartOf":{"@id":"https:\/\/new.samev-dz.com\/#website"},"datePublished":"2024-03-13T18:57:50+00:00","dateModified":"2024-03-13T18:59:03+00:00","breadcrumb":{"@id":"https:\/\/new.samev-dz.com\/index.php\/adhesion\/#breadcrumb"},"inLanguage":"en-US","potentialAction":[{"@type":"ReadAction","target":["https:\/\/new.samev-dz.com\/index.php\/adhesion\/"]}]},{"@type":"BreadcrumbList","@id":"https:\/\/new.samev-dz.com\/index.php\/adhesion\/#breadcrumb","itemListElement":[{"@type":"ListItem","position":1,"name":"Home","item":"https:\/\/new.samev-dz.com\/"},{"@type":"ListItem","position":2,"name":"Adh\u00e9sion"}]},{"@type":"WebSite","@id":"https:\/\/new.samev-dz.com\/#website","url":"https:\/\/new.samev-dz.com\/","name":"Soci\u00e9t\u00e9 Alg\u00e9rienne de M\u00e9decine Vasculaire","description":"","potentialAction":[{"@type":"SearchAction","target":{"@type":"EntryPoint","urlTemplate":"https:\/\/new.samev-dz.com\/?s={search_term_string}"},"query-input":{"@type":"PropertyValueSpecification","valueRequired":true,"valueName":"search_term_string"}}],"inLanguage":"en-US"}]}},"_links":{"self":[{"href":"https:\/\/new.samev-dz.com\/index.php\/wp-json\/wp\/v2\/pages\/470","targetHints":{"allow":["GET"]}}],"collection":[{"href":"https:\/\/new.samev-dz.com\/index.php\/wp-json\/wp\/v2\/pages"}],"about":[{"href":"https:\/\/new.samev-dz.com\/index.php\/wp-json\/wp\/v2\/types\/page"}],"author":[{"embeddable":true,"href":"https:\/\/new.samev-dz.com\/index.php\/wp-json\/wp\/v2\/users\/1"}],"replies":[{"embeddable":true,"href":"https:\/\/new.samev-dz.com\/index.php\/wp-json\/wp\/v2\/comments?post=470"}],"version-history":[{"count":2,"href":"https:\/\/new.samev-dz.com\/index.php\/wp-json\/wp\/v2\/pages\/470\/revisions"}],"predecessor-version":[{"id":472,"href":"https:\/\/new.samev-dz.com\/index.php\/wp-json\/wp\/v2\/pages\/470\/revisions\/472"}],"wp:attachment":[{"href":"https:\/\/new.samev-dz.com\/index.php\/wp-json\/wp\/v2\/media?parent=470"}],"curies":[{"name":"wp","href":"https:\/\/api.w.org\/{rel}","templated":true}]}}