{"id":930,"date":"2024-07-17T13:16:12","date_gmt":"2024-07-17T13:16:12","guid":{"rendered":"https:\/\/new.samev-dz.com\/?page_id=930"},"modified":"2024-07-17T14:47:59","modified_gmt":"2024-07-17T14:47:59","slug":"communication-presentees-13c2024","status":"publish","type":"page","link":"https:\/\/new.samev-dz.com\/index.php\/communication-presentees-13c2024\/","title":{"rendered":"Communication pr\u00e9sent\u00e9es 13C2024"},"content":{"rendered":"<div class=\"fusion-fullwidth fullwidth-box fusion-builder-row-1 fusion-flex-container nonhundred-percent-fullwidth non-hundred-percent-height-scrolling\" style=\"--awb-border-radius-top-left:0px;--awb-border-radius-top-right:0px;--awb-border-radius-bottom-right:0px;--awb-border-radius-bottom-left:0px;--awb-flex-wrap:wrap;\" ><div class=\"fusion-builder-row fusion-row fusion-flex-align-items-flex-start fusion-flex-content-wrap\" style=\"max-width:1456px;margin-left: calc(-4% \/ 2 );margin-right: calc(-4% \/ 2 );\"><div class=\"fusion-layout-column fusion_builder_column fusion-builder-column-0 fusion_builder_column_1_1 1_1 fusion-flex-column\" style=\"--awb-bg-size:cover;--awb-width-large:100%;--awb-margin-top-large:0px;--awb-spacing-right-large:1.92%;--awb-margin-bottom-large:0px;--awb-spacing-left-large:1.92%;--awb-width-medium:100%;--awb-spacing-right-medium:1.92%;--awb-spacing-left-medium:1.92%;--awb-width-small:100%;--awb-spacing-right-small:1.92%;--awb-spacing-left-small:1.92%;\"><div class=\"fusion-column-wrapper fusion-flex-justify-content-flex-start fusion-content-layout-column\"><div class=\"fusion-text fusion-text-1\"><h1 style=\"text-align: center;\">Communication pr\u00e9sent\u00e9es du <b>13\u00e8me Congr\u00e8s National de la SAMEV<\/b><\/h1>\n<h2>Jeudi 06 juin 2024<\/h2>\n<h2>1\u00e8re s\u00e9ance: Le risque cardio-vasculaire: Actualit\u00e9s<\/h2>\n<p><a href=\"https:\/\/new.samev-dz.com\/wp-content\/uploads\/2024\/07\/1-Presentation-diabete-RCV-Oran-2024-fin.pdf\">1- Le risque cardiovasculaire chez le diab\u00e9tique : Actualit\u00e9s 2024. A. Hatri. Alger<\/a><br \/>\n<a href=\"https:\/\/new.samev-dz.com\/wp-content\/uploads\/2024\/07\/2-SAMEV-2024-Dyslip.pdf\">2- Diff\u00e9rents aspects du cholest\u00e9rol et leur impact dans la maladie cardiovasculaire. A. Hallal, Alger<\/a><br \/>\n<a href=\"https:\/\/new.samev-dz.com\/wp-content\/uploads\/2024\/07\/3.Maamar.pdf\">3- Tabac et atteinte vasculaire. SA. Maamar Sidi Bel Abbes<\/a><br \/>\n<a href=\"https:\/\/new.samev-dz.com\/wp-content\/uploads\/2024\/07\/4-Lp-a-180sec-SAMEV.pdf\">4- Les 180 secondes du m\u00e9decin vasculaire : Lipoprot\u00e9ine (a). JP. Laroche, Avignon<\/a><\/p>\n<h2>2\u00e8me s\u00e9ance : Les accidents vasculaires c\u00e9r\u00e9braux<\/h2>\n<p><a href=\"https:\/\/new.samev-dz.com\/wp-content\/uploads\/2024\/07\/1-AVC-sujet-jeun.pdf\">1- Accident Vasculaire c\u00e9r\u00e9bral du sujet jeune. N. Lanasri, Th\u00e9nia<\/a><br \/>\n<a href=\"https:\/\/new.samev-dz.com\/wp-content\/uploads\/2024\/07\/2.AOUDIA-.troke-Prevention-in-AF-6-juin-24.pdf\">2- Fibrillation auriculaire et AVC. Y. Aoudia, Tipaza<\/a><br \/>\n<a href=\"https:\/\/new.samev-dz.com\/wp-content\/uploads\/2024\/07\/3.kesraoui.pdf\">3- Profil des AVC re\u00e7us aux urgences. R. Kesraoui, N. Lanasri, Th\u00e9nia<\/a><br \/>\n<a href=\"https:\/\/new.samev-dz.com\/wp-content\/uploads\/2024\/07\/4-Plaque-carotide-\u2013-RADS.pdf\">4- Carotid Plaque \u2013 RADS : Nouvelle classification des plaques \u00e0 risque d\u2019AVC. M. Dadon, Paris<\/a><br \/>\n<a href=\"https:\/\/new.samev-dz.com\/wp-content\/uploads\/2024\/07\/6-PLASTIQUE-180-sec.pdf\">6- Les 180 secondes du m\u00e9decin vasculaire : Du plastique dans la carotide. JP. laroche, Avignon<\/a><\/p>\n<h2>3\u00e8me s\u00e9ance : Maladie veineuse chronique et lymphologie<\/h2>\n<p><a href=\"https:\/\/new.samev-dz.com\/wp-content\/uploads\/2024\/07\/1-OK-Pr-OUARAB-CEAP-SAMEV-2024.pdf\">1- Les 180 secondes du m\u00e9decin vasculaire : MVC : Une nouvelle classification. C. Ouarab. Alger<\/a><br \/>\n<a href=\"https:\/\/new.samev-dz.com\/wp-content\/uploads\/2024\/07\/2-Le-syndrome-de-congestion-pelvienne.pdf\">2- Syndrome de congestion pelvienne. M. Dadon Paris<\/a><br \/>\n<a href=\"https:\/\/new.samev-dz.com\/wp-content\/uploads\/2024\/07\/3-SPT-CONGRES-SAMEV-2024.pdf\">3- Evaluation du syndrome post thrombotique N. Benmehidi, Annaba<\/a><br \/>\n<a href=\"https:\/\/new.samev-dz.com\/wp-content\/uploads\/2024\/07\/4.pdf\">4- Revascularisation endo-vasculaire du territoire ilio-cave. A. Chouiter. Neuch\u00e2tel<\/a><br \/>\n<a href=\"https:\/\/new.samev-dz.com\/wp-content\/uploads\/2024\/07\/5-Nouveaux-traitements-endoveineux-SAMEV-2024.pdf\">5- Traitement endo-veineux des saph\u00e8nes incontinentes : Actualit\u00e9s. M. Baba Ahmed. Alger<\/a><br \/>\n<a href=\"https:\/\/new.samev-dz.com\/wp-content\/uploads\/2024\/07\/6.pdf\">6- Efficacit\u00e9 du traitement des varices par laser endo-veineux par les appareils de derni\u00e8re g\u00e9n\u00e9ration. A.C. Bounoua. Oran<\/a><br \/>\n<a href=\"https:\/\/new.samev-dz.com\/wp-content\/uploads\/2024\/07\/7-YA-T-IL-ENCORE-UNE-PLACE-A-LA-CHIRURGIE-A-CIEL-OUVERT-DANS-LE-TRT-VARICES.pdf\">7- Y a t-il encore une place \u00e0 la chirurgie \u00e0 ciel ouvert dans le traitement des varices ? A. Nekhla Chu Tizi Ouzou<\/a><br \/>\n<a href=\"https:\/\/new.samev-dz.com\/wp-content\/uploads\/2024\/07\/8.pdf\">8- D\u00e9marche diagnostique des lymph\u0153d\u00e8mes et PEC. N. Hamamid. Boudouaou<\/a><br \/>\n<a href=\"https:\/\/new.samev-dz.com\/wp-content\/uploads\/2024\/07\/9-Pour-une-prise-en-charge-consensuelle-en-MPR.pdf\">9- Pour une prise en charge consensuelle en MPR des lymph\u0153d\u00e8mes secondaires. S. Benzaoui, Z. Boukara. Blida<\/a><\/p>\n<p><a href=\"https:\/\/new.samev-dz.com\/wp-content\/uploads\/2024\/07\/CONFERANCE-IA-et-MED-VASC-SAMEV-2024.pdf\"><strong>Conf\u00e9rence<\/strong> : Intelligence artificielle (IA) et M\u00e9decine Vasculaire. JP. Laroche. Avignon<\/a><\/p>\n<h1>Vendredi 07 juin 2024<\/h1>\n<h2>4\u00e8me s\u00e9ance : HTA et diab\u00e8te<\/h2>\n<p><a href=\"https:\/\/new.samev-dz.com\/wp-content\/uploads\/2024\/07\/1.HTA-23-quoi-de-neuf.pdf\">1- HTA : Recommandations 2024. A. Bachir Cherif, Blida<\/a><br \/>\n<a href=\"https:\/\/new.samev-dz.com\/wp-content\/uploads\/2024\/07\/2.HTA-Resistante.pdf\">2- HTA r\u00e9sistante. N. Dammene Debbih, Alger<\/a><br \/>\n<a href=\"https:\/\/new.samev-dz.com\/wp-content\/uploads\/2024\/07\/3.HTA-SAS-SAMEV.pdf\">3- HTA et apn\u00e9e du sommeil. H. Mahmoudi, Alger<\/a><br \/>\n<a href=\"https:\/\/new.samev-dz.com\/wp-content\/uploads\/2024\/07\/4.HTAO-SAMEV-2024.pdf\">4- Hypertension orthostatique : Un nouveau concept \u00e0 connaitre. A. Mammeri, Alger\u00a0<\/a><br \/>\n<a href=\"https:\/\/new.samev-dz.com\/wp-content\/uploads\/2024\/07\/5.INSUFFISANCE-CARDIAQUE-CHEZ-LE-DIABETIQUE.pdf\">5- Insuffisance cardiaque chez le diab\u00e9tique : Quel traitement ? A. Talamali, Alger<\/a><br \/>\n<a href=\"https:\/\/new.samev-dz.com\/wp-content\/uploads\/2024\/07\/6.samev-2024-antidiabetiques-et-rcvx.pdf\">6- Antidiab\u00e9tiques et risque cardiovasculaire : Entre le pass\u00e9 et le pr\u00e9sent : Quelle strat\u00e9gie th\u00e9rapeutique adoptons-nous \u00e0 l\u2019heure actuelle ? A. Rahou, Oran<\/a><br \/>\n<a href=\"https:\/\/new.samev-dz.com\/wp-content\/uploads\/2024\/07\/7-180-sec-RCV-Climat.pdf\">7- Les 180 secondes du m\u00e9decin vasculaire : RCV et Climat\/pollution. JP. Laroche, Avignon<\/a><\/p>\n<h2>5\u00e8me s\u00e9ance : Art\u00e9riopathies des membres inf\u00e9rieurs : Actualit\u00e9s<\/h2>\n<p><a href=\"https:\/\/new.samev-dz.com\/wp-content\/uploads\/2024\/07\/1-LDL-0.55-SAMEV-2024.pdf\">1- AOMI et LDL &lt; 0,55, pourquoi ? JP. Laroche Avignon<\/a><br \/>\n<a href=\"https:\/\/new.samev-dz.com\/wp-content\/uploads\/2024\/07\/2.wifi-score-PAT-AOMI-FMV-samev-2024.pdf\">2- \u00c9cho-Doppler des art\u00e8res plantaires : Int\u00e9r\u00eat dans l\u2019estimation du risque d\u2019amputation. N. Hamamid, Boudouaou\u00a0<\/a><br \/>\n<a href=\"https:\/\/new.samev-dz.com\/wp-content\/uploads\/2024\/07\/3.Anti-thrombotique-et-AOMI.pdf\">3- Place des anti-thrombotiques dans le traitement de l\u2019AOMI. M. Baba ahmed<\/a><br \/>\n<a href=\"https:\/\/new.samev-dz.com\/wp-content\/uploads\/2024\/07\/4.OK-Pr-OUARAB-AAA-SAMEV-2024.pdf\">4- An\u00e9vrisme de l\u2019aorte sous r\u00e9nale. C. Ouarab Alger<\/a><br \/>\n<a href=\"https:\/\/new.samev-dz.com\/wp-content\/uploads\/2024\/07\/5.SAMEV-24-AFS.pdf\">5- Avanc\u00e9es th\u00e9rapeutiques endo-vasculaires dans la revascularisation de l\u2019AOMI. A. Chouiter. Neuch\u00e2tel<\/a><\/p>\n<h2>6\u00e8me s\u00e9ance : Maladie thromboembolique veineuse : Actualit\u00e9s<\/h2>\n<p><a href=\"https:\/\/new.samev-dz.com\/wp-content\/uploads\/2024\/07\/1-MTEV-CANCER-SAMEV-2024.pdf\">1- MTEV et KC : Quel bilan et comment traiter ? JP. Laroche, Avignon<\/a><br \/>\n<a href=\"https:\/\/new.samev-dz.com\/wp-content\/uploads\/2024\/07\/2.SAPL-SAMEV-Copie.pdf\">2- SAPL : Nouvelle classification. R. Guermaz. Alger<\/a><br \/>\n<a href=\"https:\/\/new.samev-dz.com\/wp-content\/uploads\/2024\/07\/3.pdf\">3- Dur\u00e9e du traitement anticoagulant. A. Hatri. Alger<\/a><br \/>\n<a href=\"https:\/\/new.samev-dz.com\/wp-content\/uploads\/2024\/07\/4-Maamar-TVP-de-siege-insolite-.pdf\">4- Thromboses veineusesde si\u00e8ge atypique : \u00c9tiologies et PEC. SA. Maamar, Sidi Bel Abbes<\/a><br \/>\n<a href=\"https:\/\/new.samev-dz.com\/wp-content\/uploads\/2024\/07\/5-Nouveautes-therapeutiques-dans-lHTAP-SAMEV-2024.pdf\">5- Nouveaut\u00e9s th\u00e9rapeutiques dans l\u2019HTAP. DJ. Hakem, Alger<\/a><\/p>\n<h2>7\u00e8me s\u00e9ance : Session chirurgie vasculaire<\/h2>\n<p><a href=\"https:\/\/new.samev-dz.com\/wp-content\/uploads\/2024\/07\/1-AL-Alger-2024.pdf\">1- L\u2019art\u00e8re sous clavi\u00e8re droite aberrante : Quelle prise en charge ? MN. Bouayad. Oran (ACVES)<\/a><br \/>\n<a href=\"https:\/\/new.samev-dz.com\/wp-content\/uploads\/2024\/07\/2.pdf\">2- Duplication de la veine cave inferieur. M. Bouzidi. AR. Sekkal. H. Boukerroucha.I. Mahi. H\u00f4pital 240lits M. Balaska Sidi Chahmi. Oran<\/a><br \/>\n<a href=\"https:\/\/new.samev-dz.com\/wp-content\/uploads\/2024\/07\/3-1.pdf\">3- Le syndrome de May Thurner : Une cause de r\u00e9cidive variqueuse \u00e0 propos d&#8217;un cas. M.N. Hassairi, Tunis\u00a0<\/a><br \/>\n<a href=\"https:\/\/new.samev-dz.com\/wp-content\/uploads\/2024\/07\/4.samev-2024.pdf\">4- Prise en charge de l\u2019AOMI chez le diab\u00e9tique. A. Zerriahen, M. Benmamar, R. Sekkal, Y. Bachaoui L. Berrouane, L.A. Bouziane, Oran<\/a><br \/>\n<a href=\"https:\/\/new.samev-dz.com\/wp-content\/uploads\/2024\/07\/5.samev_.pdf\">5- Art\u00e8re sciatique persistante : A propos d&#8217;un cas. AR. Sekkal, H. Boukerroucha, I. Mahi, M. Bouzidi Oran<\/a><br \/>\n<a href=\"https:\/\/new.samev-dz.com\/wp-content\/uploads\/2024\/07\/6-Communication-Meftah-SAMEV.pdf\">6- Revascularisation coronaire du poly-art\u00e9riel. A. Meftah. HCA Alger<\/a><br \/>\n<a href=\"https:\/\/new.samev-dz.com\/wp-content\/uploads\/2024\/07\/7.TRAITEMENT-CHIRURGICAL-DES-COMPLICATIONS-DE-FAV.pdf\">7- Les complications des FAV chez les dialys\u00e9s : H. Boukerroucha, AR. Sekkal, M. Beldjebel I. Mahi M. Bouzidi, Oran<\/a><br \/>\n<a href=\"https:\/\/new.samev-dz.com\/wp-content\/uploads\/2024\/07\/8-prise-en-charge-des-cpc-des-FAV.pptx-SAMEV2.pdf\">8- Traitement endo-vasculaire des complications des abords vasculaires pour h\u00e9modialyse. M. Benmamar, A. Zerriahen, R. Sekkal Y. Bachaoui L.A. Bouziane<\/a><\/p>\n<\/div><\/div><\/div><\/div><\/div>\n","protected":false},"excerpt":{"rendered":"","protected":false},"author":1,"featured_media":0,"parent":0,"menu_order":0,"comment_status":"closed","ping_status":"closed","template":"","meta":{"_bbp_topic_count":0,"_bbp_reply_count":0,"_bbp_total_topic_count":0,"_bbp_total_reply_count":0,"_bbp_voice_count":0,"_bbp_anonymous_reply_count":0,"_bbp_topic_count_hidden":0,"_bbp_reply_count_hidden":0,"_bbp_forum_subforum_count":0,"footnotes":""},"class_list":["post-930","page","type-page","status-publish","hentry"],"yoast_head":"<!-- This site is optimized with the Yoast SEO plugin v26.8 - https:\/\/yoast.com\/product\/yoast-seo-wordpress\/ -->\n<title>Communication pr\u00e9sent\u00e9es 13C2024 - Soci\u00e9t\u00e9 Alg\u00e9rienne de M\u00e9decine Vasculaire<\/title>\n<meta name=\"robots\" content=\"index, follow, max-snippet:-1, max-image-preview:large, max-video-preview:-1\" \/>\n<link rel=\"canonical\" href=\"https:\/\/new.samev-dz.com\/index.php\/communication-presentees-13c2024\/\" \/>\n<meta property=\"og:locale\" content=\"en_US\" \/>\n<meta property=\"og:type\" content=\"article\" \/>\n<meta property=\"og:title\" content=\"Communication pr\u00e9sent\u00e9es 13C2024 - Soci\u00e9t\u00e9 Alg\u00e9rienne de M\u00e9decine Vasculaire\" \/>\n<meta property=\"og:url\" content=\"https:\/\/new.samev-dz.com\/index.php\/communication-presentees-13c2024\/\" \/>\n<meta property=\"og:site_name\" content=\"Soci\u00e9t\u00e9 Alg\u00e9rienne de M\u00e9decine Vasculaire\" \/>\n<meta property=\"article:modified_time\" content=\"2024-07-17T14:47:59+00:00\" \/>\n<meta name=\"twitter:card\" content=\"summary_large_image\" \/>\n<meta name=\"twitter:label1\" content=\"Est. reading time\" \/>\n\t<meta name=\"twitter:data1\" content=\"4 minutes\" \/>\n<script type=\"application\/ld+json\" class=\"yoast-schema-graph\">{\"@context\":\"https:\/\/schema.org\",\"@graph\":[{\"@type\":\"WebPage\",\"@id\":\"https:\/\/new.samev-dz.com\/index.php\/communication-presentees-13c2024\/\",\"url\":\"https:\/\/new.samev-dz.com\/index.php\/communication-presentees-13c2024\/\",\"name\":\"Communication pr\u00e9sent\u00e9es 13C2024 - Soci\u00e9t\u00e9 Alg\u00e9rienne de M\u00e9decine Vasculaire\",\"isPartOf\":{\"@id\":\"https:\/\/new.samev-dz.com\/#website\"},\"datePublished\":\"2024-07-17T13:16:12+00:00\",\"dateModified\":\"2024-07-17T14:47:59+00:00\",\"breadcrumb\":{\"@id\":\"https:\/\/new.samev-dz.com\/index.php\/communication-presentees-13c2024\/#breadcrumb\"},\"inLanguage\":\"en-US\",\"potentialAction\":[{\"@type\":\"ReadAction\",\"target\":[\"https:\/\/new.samev-dz.com\/index.php\/communication-presentees-13c2024\/\"]}]},{\"@type\":\"BreadcrumbList\",\"@id\":\"https:\/\/new.samev-dz.com\/index.php\/communication-presentees-13c2024\/#breadcrumb\",\"itemListElement\":[{\"@type\":\"ListItem\",\"position\":1,\"name\":\"Home\",\"item\":\"https:\/\/new.samev-dz.com\/\"},{\"@type\":\"ListItem\",\"position\":2,\"name\":\"Communication pr\u00e9sent\u00e9es 13C2024\"}]},{\"@type\":\"WebSite\",\"@id\":\"https:\/\/new.samev-dz.com\/#website\",\"url\":\"https:\/\/new.samev-dz.com\/\",\"name\":\"Soci\u00e9t\u00e9 Alg\u00e9rienne de M\u00e9decine Vasculaire\",\"description\":\"\",\"potentialAction\":[{\"@type\":\"SearchAction\",\"target\":{\"@type\":\"EntryPoint\",\"urlTemplate\":\"https:\/\/new.samev-dz.com\/?s={search_term_string}\"},\"query-input\":{\"@type\":\"PropertyValueSpecification\",\"valueRequired\":true,\"valueName\":\"search_term_string\"}}],\"inLanguage\":\"en-US\"}]}<\/script>\n<!-- \/ Yoast SEO plugin. -->","yoast_head_json":{"title":"Communication pr\u00e9sent\u00e9es 13C2024 - Soci\u00e9t\u00e9 Alg\u00e9rienne de M\u00e9decine Vasculaire","robots":{"index":"index","follow":"follow","max-snippet":"max-snippet:-1","max-image-preview":"max-image-preview:large","max-video-preview":"max-video-preview:-1"},"canonical":"https:\/\/new.samev-dz.com\/index.php\/communication-presentees-13c2024\/","og_locale":"en_US","og_type":"article","og_title":"Communication pr\u00e9sent\u00e9es 13C2024 - Soci\u00e9t\u00e9 Alg\u00e9rienne de M\u00e9decine Vasculaire","og_url":"https:\/\/new.samev-dz.com\/index.php\/communication-presentees-13c2024\/","og_site_name":"Soci\u00e9t\u00e9 Alg\u00e9rienne de M\u00e9decine Vasculaire","article_modified_time":"2024-07-17T14:47:59+00:00","twitter_card":"summary_large_image","twitter_misc":{"Est. reading time":"4 minutes"},"schema":{"@context":"https:\/\/schema.org","@graph":[{"@type":"WebPage","@id":"https:\/\/new.samev-dz.com\/index.php\/communication-presentees-13c2024\/","url":"https:\/\/new.samev-dz.com\/index.php\/communication-presentees-13c2024\/","name":"Communication pr\u00e9sent\u00e9es 13C2024 - Soci\u00e9t\u00e9 Alg\u00e9rienne de M\u00e9decine Vasculaire","isPartOf":{"@id":"https:\/\/new.samev-dz.com\/#website"},"datePublished":"2024-07-17T13:16:12+00:00","dateModified":"2024-07-17T14:47:59+00:00","breadcrumb":{"@id":"https:\/\/new.samev-dz.com\/index.php\/communication-presentees-13c2024\/#breadcrumb"},"inLanguage":"en-US","potentialAction":[{"@type":"ReadAction","target":["https:\/\/new.samev-dz.com\/index.php\/communication-presentees-13c2024\/"]}]},{"@type":"BreadcrumbList","@id":"https:\/\/new.samev-dz.com\/index.php\/communication-presentees-13c2024\/#breadcrumb","itemListElement":[{"@type":"ListItem","position":1,"name":"Home","item":"https:\/\/new.samev-dz.com\/"},{"@type":"ListItem","position":2,"name":"Communication pr\u00e9sent\u00e9es 13C2024"}]},{"@type":"WebSite","@id":"https:\/\/new.samev-dz.com\/#website","url":"https:\/\/new.samev-dz.com\/","name":"Soci\u00e9t\u00e9 Alg\u00e9rienne de M\u00e9decine Vasculaire","description":"","potentialAction":[{"@type":"SearchAction","target":{"@type":"EntryPoint","urlTemplate":"https:\/\/new.samev-dz.com\/?s={search_term_string}"},"query-input":{"@type":"PropertyValueSpecification","valueRequired":true,"valueName":"search_term_string"}}],"inLanguage":"en-US"}]}},"_links":{"self":[{"href":"https:\/\/new.samev-dz.com\/index.php\/wp-json\/wp\/v2\/pages\/930","targetHints":{"allow":["GET"]}}],"collection":[{"href":"https:\/\/new.samev-dz.com\/index.php\/wp-json\/wp\/v2\/pages"}],"about":[{"href":"https:\/\/new.samev-dz.com\/index.php\/wp-json\/wp\/v2\/types\/page"}],"author":[{"embeddable":true,"href":"https:\/\/new.samev-dz.com\/index.php\/wp-json\/wp\/v2\/users\/1"}],"replies":[{"embeddable":true,"href":"https:\/\/new.samev-dz.com\/index.php\/wp-json\/wp\/v2\/comments?post=930"}],"version-history":[{"count":7,"href":"https:\/\/new.samev-dz.com\/index.php\/wp-json\/wp\/v2\/pages\/930\/revisions"}],"predecessor-version":[{"id":983,"href":"https:\/\/new.samev-dz.com\/index.php\/wp-json\/wp\/v2\/pages\/930\/revisions\/983"}],"wp:attachment":[{"href":"https:\/\/new.samev-dz.com\/index.php\/wp-json\/wp\/v2\/media?parent=930"}],"curies":[{"name":"wp","href":"https:\/\/api.w.org\/{rel}","templated":true}]}}